{"id":1272,"date":"2025-02-18T11:14:02","date_gmt":"2025-02-18T11:14:02","guid":{"rendered":"https:\/\/audreydelaforge.com\/?page_id=1272"},"modified":"2025-05-27T11:49:55","modified_gmt":"2025-05-27T11:49:55","slug":"les-livres","status":"publish","type":"page","link":"https:\/\/audreydelaforge.com\/index.php\/les-livres\/","title":{"rendered":"Les livres"},"content":{"rendered":"\n<p>L\u2019apprentissage et l\u2019accompagnement \u00e9ducatif \u00e9voluent constamment, port\u00e9s par les avanc\u00e9es de la recherche et les nouvelles approches p\u00e9dagogiques. Que vous soyez enseignant, orthop\u00e9dagogue, parent ou professionnel de l\u2019\u00e9ducation, rester inform\u00e9 est essentiel pour s\u2019adapter aux besoins des \u00e9l\u00e8ves et optimiser les pratiques d\u2019accompagnement.<\/p>\n\n\n\n<p>Cette page vous propose une s\u00e9lection de livres soigneusement choisis pour enrichir vos connaissances en p\u00e9dagogie et en orthop\u00e9dagogie. Vous y trouverez :<\/p>\n\n\n\n<p>Mes propres ouvrages, r\u00e9dig\u00e9s pour vous offrir des outils concrets et une approche pratique adapt\u00e9e aux r\u00e9alit\u00e9s du terrain. Des recommandations de lecture, couvrant des th\u00e9matiques essentielles comme l\u2019inclusion scolaire, les troubles des apprentissages, la diff\u00e9renciation p\u00e9dagogique, ou encore l\u2019intelligence artificielle appliqu\u00e9e \u00e0 l\u2019\u00e9ducation. Parce que l\u2019apprentissage est un cheminement continu, cette veille documentaire vous permettra d\u2019acc\u00e9der \u00e0 des ressources de qualit\u00e9 pour approfondir vos r\u00e9flexions et enrichir vos pratiques.<\/p>\n\n\n\n<p>Bonne d\u00e9couverte et bonne lecture !<\/p>\n\n\n\n<div class=\"wp-block-cover alignfull\"><span aria-hidden=\"true\" class=\"wp-block-cover__background has-neve-link-color-background-color has-background-dim-100 has-background-dim\"><\/span><div class=\"wp-block-cover__inner-container is-layout-constrained wp-block-cover-is-layout-constrained\">\n<div style=\"height:40px\" aria-hidden=\"true\" class=\"wp-block-spacer\"><\/div>\n\n\n\n<div class=\"wp-block-columns is-layout-flex wp-container-core-columns-is-layout-9d6595d7 wp-block-columns-is-layout-flex\">\n<div class=\"wp-block-column is-layout-flow wp-block-column-is-layout-flow\" style=\"flex-basis:10%\"><\/div>\n\n\n\n<div class=\"wp-block-column is-layout-flow wp-block-column-is-layout-flow\" style=\"flex-basis:80%\">\n<div class=\"wp-block-media-text is-stacked-on-mobile is-vertically-aligned-center\" style=\"grid-template-columns:30% auto\"><figure class=\"wp-block-media-text__media\"><img loading=\"lazy\" decoding=\"async\" width=\"643\" height=\"1024\" src=\"https:\/\/audreydelaforge.com\/wp-content\/uploads\/2025\/03\/Sans-titre-643x1024.png\" alt=\"\" class=\"wp-image-1286 size-full\" srcset=\"https:\/\/audreydelaforge.com\/wp-content\/uploads\/2025\/03\/Sans-titre-643x1024.png 643w, https:\/\/audreydelaforge.com\/wp-content\/uploads\/2025\/03\/Sans-titre-188x300.png 188w, https:\/\/audreydelaforge.com\/wp-content\/uploads\/2025\/03\/Sans-titre-768x1223.png 768w, https:\/\/audreydelaforge.com\/wp-content\/uploads\/2025\/03\/Sans-titre-600x955.png 600w, https:\/\/audreydelaforge.com\/wp-content\/uploads\/2025\/03\/Sans-titre.png 878w\" sizes=\"auto, (max-width: 643px) 100vw, 643px\" \/><\/figure><div class=\"wp-block-media-text__content\">\n<h3 class=\"wp-block-heading has-text-align-center\"><strong>R\u00e9ussir les Devoirs de Votre Enfant : Transformez les Soir\u00e9es en Moments de Complicit\u00e9 et de Succ\u00e8s !<\/strong><\/h3>\n\n\n\n<p>Vous en avez assez des devoirs qui tournent au cauchemar ? Avec <strong>\u00ab\u00a0R\u00e9ussir les Devoirs : Strat\u00e9gies Simples et Efficaces pour Accompagner Votre Enfant\u00a0\u00bb<\/strong>, d\u00e9couvrez des m\u00e9thodes valid\u00e9es par les neurosciences pour rendre les devoirs plus efficaces, sereins et motivants. Ce livre propose des astuces concr\u00e8tes pour am\u00e9liorer la concentration, favoriser la m\u00e9morisation et encourager l\u2019autonomie de votre enfant. \u00c9crit par <strong>Audrey Delaforge<\/strong>, orthop\u00e9dagogue et enseignante, il transforme les devoirs en un moment de complicit\u00e9 et de succ\u00e8s. <strong>Commandez-le d\u00e8s maintenant<\/strong> et facilitez la vie scolaire de votre enfant ! \ud83c\udfaf\ud83d\udcd6<\/p>\n\n\n\n<div class=\"wp-block-buttons is-content-justification-center is-layout-flex wp-container-core-buttons-is-layout-16018d1d wp-block-buttons-is-layout-flex\">\n<div class=\"wp-block-button\"><a class=\"wp-block-button__link has-nv-site-bg-color has-nv-c-2-background-color has-text-color has-background has-link-color wp-element-button\" href=\"https:\/\/audreydelaforge.com\/index.php\/reussir-les-devoirs-de-votre-enfant-transformez-les-soirees-en-moments-de-complicite-et-de-succes\/\" style=\"border-radius:100px\">Je d\u00e9couvre !<\/a><\/div>\n<\/div>\n<\/div><\/div>\n<\/div>\n\n\n\n<div class=\"wp-block-column is-layout-flow wp-block-column-is-layout-flow\" style=\"flex-basis:10%\"><\/div>\n<\/div>\n\n\n\n<div style=\"height:40px\" aria-hidden=\"true\" class=\"wp-block-spacer\"><\/div>\n<\/div><\/div>\n\n\n\n<div class=\"wp-block-cover alignfull\"><span aria-hidden=\"true\" class=\"wp-block-cover__background has-nv-site-bg-background-color has-background-dim-100 has-background-dim\"><\/span><div class=\"wp-block-cover__inner-container is-layout-constrained wp-block-cover-is-layout-constrained\">\n<div style=\"height:40px\" aria-hidden=\"true\" class=\"wp-block-spacer\"><\/div>\n\n\n\n<div class=\"wp-block-columns is-layout-flex wp-container-core-columns-is-layout-9d6595d7 wp-block-columns-is-layout-flex\">\n<div class=\"wp-block-column is-layout-flow wp-block-column-is-layout-flow\" style=\"flex-basis:10%\"><\/div>\n\n\n\n<div class=\"wp-block-column is-layout-flow wp-block-column-is-layout-flow\" style=\"flex-basis:80%\">\n<div class=\"wp-block-media-text is-stacked-on-mobile\" style=\"grid-template-columns:33% auto\"><figure class=\"wp-block-media-text__media\"><img loading=\"lazy\" decoding=\"async\" width=\"576\" height=\"1024\" src=\"https:\/\/audreydelaforge.com\/wp-content\/uploads\/2025\/03\/Sans-titre-1-576x1024.png\" alt=\"\" class=\"wp-image-1307 size-full\" srcset=\"https:\/\/audreydelaforge.com\/wp-content\/uploads\/2025\/03\/Sans-titre-1-576x1024.png 576w, https:\/\/audreydelaforge.com\/wp-content\/uploads\/2025\/03\/Sans-titre-1-169x300.png 169w, https:\/\/audreydelaforge.com\/wp-content\/uploads\/2025\/03\/Sans-titre-1-600x1067.png 600w, https:\/\/audreydelaforge.com\/wp-content\/uploads\/2025\/03\/Sans-titre-1.png 606w\" sizes=\"auto, (max-width: 576px) 100vw, 576px\" \/><\/figure><div class=\"wp-block-media-text__content\">\n<h3 class=\"wp-block-heading has-text-align-center has-nv-dark-bg-color has-text-color has-link-color wp-elements-a5a4f42c171f7751ee74e31400acc5cb\">L\u2019intelligence artificielle au service de l\u2019inclusion : accompagner les \u00e9l\u00e8ves \u00e0 besoins \u00e9ducatifs particuliers<\/h3>\n\n\n\n<p class=\"has-nv-dark-bg-color has-text-color has-link-color wp-elements-ea74e845c0e6cb7a108e10ceded140c8\">Un ouvrage pens\u00e9 par une enseignante pour des enseignants ! D\u00e9couvrez comment utiliser l\u2019intelligence artificielle pour all\u00e9ger votre charge de travail, personnaliser l\u2019apprentissage et accompagner efficacement les \u00e9l\u00e8ves \u00e0 besoins \u00e9ducatifs particuliers. Un guide concret et \u00e9thique pour int\u00e9grer l\u2019IA dans votre p\u00e9dagogie sans perdre l\u2019essence du m\u00e9tier.<\/p>\n\n\n\n<div class=\"wp-block-buttons is-content-justification-center is-layout-flex wp-container-core-buttons-is-layout-16018d1d wp-block-buttons-is-layout-flex\">\n<div class=\"wp-block-button\"><a class=\"wp-block-button__link has-nv-site-bg-color has-nv-c-2-background-color has-text-color has-background has-link-color wp-element-button\" href=\"https:\/\/audreydelaforge.com\/index.php\/lintelligence-artificielle-au-service-de-linclusion\/\" style=\"border-radius:100px\">Je d\u00e9couvre<\/a><\/div>\n<\/div>\n<\/div><\/div>\n<\/div>\n\n\n\n<div class=\"wp-block-column is-layout-flow wp-block-column-is-layout-flow\" style=\"flex-basis:10%\"><\/div>\n<\/div>\n<\/div><\/div>\n\n\n\n<div class=\"wp-block-cover alignfull\"><span aria-hidden=\"true\" class=\"wp-block-cover__background has-neve-link-color-background-color has-background-dim-100 has-background-dim\"><\/span><div class=\"wp-block-cover__inner-container is-layout-constrained wp-block-cover-is-layout-constrained\">\n<div style=\"height:40px\" aria-hidden=\"true\" class=\"wp-block-spacer\"><\/div>\n\n\n\n<div class=\"wp-block-columns is-layout-flex wp-container-core-columns-is-layout-9d6595d7 wp-block-columns-is-layout-flex\">\n<div class=\"wp-block-column is-layout-flow wp-block-column-is-layout-flow\" style=\"flex-basis:10%\"><\/div>\n\n\n\n<div class=\"wp-block-column is-layout-flow wp-block-column-is-layout-flow\" style=\"flex-basis:80%\">\n<div class=\"wp-block-media-text is-stacked-on-mobile\" style=\"grid-template-columns:33% auto\"><figure class=\"wp-block-media-text__media\"><img loading=\"lazy\" decoding=\"async\" width=\"642\" height=\"1024\" src=\"https:\/\/audreydelaforge.com\/wp-content\/uploads\/2025\/05\/505306e8-ee1d-40d7-a956-e3182289828c-642x1024.jpeg\" alt=\"\" class=\"wp-image-1406 size-full\" srcset=\"https:\/\/audreydelaforge.com\/wp-content\/uploads\/2025\/05\/505306e8-ee1d-40d7-a956-e3182289828c-642x1024.jpeg 642w, https:\/\/audreydelaforge.com\/wp-content\/uploads\/2025\/05\/505306e8-ee1d-40d7-a956-e3182289828c-188x300.jpeg 188w, https:\/\/audreydelaforge.com\/wp-content\/uploads\/2025\/05\/505306e8-ee1d-40d7-a956-e3182289828c-768x1226.jpeg 768w, https:\/\/audreydelaforge.com\/wp-content\/uploads\/2025\/05\/505306e8-ee1d-40d7-a956-e3182289828c-962x1536.jpeg 962w, https:\/\/audreydelaforge.com\/wp-content\/uploads\/2025\/05\/505306e8-ee1d-40d7-a956-e3182289828c-600x958.jpeg 600w, https:\/\/audreydelaforge.com\/wp-content\/uploads\/2025\/05\/505306e8-ee1d-40d7-a956-e3182289828c.jpeg 1283w\" sizes=\"auto, (max-width: 642px) 100vw, 642px\" \/><\/figure><div class=\"wp-block-media-text__content\">\n<h3 class=\"wp-block-heading has-text-align-center\">Comprendre le TDAH Tome 1<\/h3>\n\n\n\n<p><strong>\ud83d\udd0d Comprendre enfin ce qu\u2019est vraiment le TDAH (et ce que ce n\u2019est pas)<\/strong><br>Parents, enseignants, AESH : ce guide clair et accessible vous aide \u00e0 faire la diff\u00e9rence entre agitation, inattention et v\u00e9ritable trouble neurod\u00e9veloppemental.<br>\ud83d\udc49 Une lecture essentielle pour mieux comprendre, rep\u00e9rer, et accompagner avec bienveillance.<\/p>\n\n\n\n<div class=\"wp-block-buttons is-content-justification-center is-layout-flex wp-container-core-buttons-is-layout-16018d1d wp-block-buttons-is-layout-flex\">\n<div class=\"wp-block-button\"><a class=\"wp-block-button__link has-nv-site-bg-color has-nv-c-2-background-color has-text-color has-background has-link-color wp-element-button\" href=\"https:\/\/audreydelaforge.com\/index.php\/comprendre-le-tdah-tome-1\/\" style=\"border-radius:100px\">Je d\u00e9couvre<\/a><\/div>\n<\/div>\n<\/div><\/div>\n<\/div>\n\n\n\n<div class=\"wp-block-column is-layout-flow wp-block-column-is-layout-flow\" style=\"flex-basis:10%\"><\/div>\n<\/div>\n\n\n\n<div style=\"height:40px\" aria-hidden=\"true\" class=\"wp-block-spacer\"><\/div>\n<\/div><\/div>\n\n\n\n<div style=\"height:40px\" aria-hidden=\"true\" class=\"wp-block-spacer\"><\/div>\n\n\n\n<p><\/p>\n","protected":false},"excerpt":{"rendered":"<p>L\u2019apprentissage et l\u2019accompagnement \u00e9ducatif \u00e9voluent constamment, port\u00e9s par les avanc\u00e9es de la recherche et les nouvelles approches p\u00e9dagogiques. Que vous soyez enseignant, orthop\u00e9dagogue, parent ou professionnel de l\u2019\u00e9ducation, rester inform\u00e9 est essentiel pour s\u2019adapter aux besoins des \u00e9l\u00e8ves et optimiser les pratiques d\u2019accompagnement. Cette page vous propose une s\u00e9lection de livres soigneusement choisis pour enrichir&hellip;&nbsp;<a href=\"https:\/\/audreydelaforge.com\/index.php\/les-livres\/\" rel=\"bookmark\">Lire la suite &raquo;<span class=\"screen-reader-text\">Les livres<\/span><\/a><\/p>\n","protected":false},"author":2,"featured_media":0,"parent":0,"menu_order":0,"comment_status":"closed","ping_status":"closed","template":"","meta":{"om_disable_all_campaigns":false,"neve_meta_sidebar":"","neve_meta_container":"","neve_meta_enable_content_width":"","neve_meta_content_width":0,"neve_meta_title_alignment":"center","neve_meta_author_avatar":"","neve_post_elements_order":"","neve_meta_disable_header":"","neve_meta_disable_footer":"","neve_meta_disable_title":"","footnotes":""},"class_list":["post-1272","page","type-page","status-publish","hentry"],"yoast_head":"<!-- This site is optimized with the Yoast SEO plugin v27.5 - https:\/\/yoast.com\/product\/yoast-seo-wordpress\/ -->\n<title>Les livres ~ Audrey Delaforge, Orthop\u00e9dagogue<\/title>\n<meta name=\"robots\" content=\"index, follow, max-snippet:-1, max-image-preview:large, max-video-preview:-1\" \/>\n<link rel=\"canonical\" href=\"https:\/\/audreydelaforge.com\/index.php\/les-livres\/\" \/>\n<meta property=\"og:locale\" content=\"fr_FR\" \/>\n<meta property=\"og:type\" content=\"article\" \/>\n<meta property=\"og:title\" content=\"Les livres ~ Audrey Delaforge, Orthop\u00e9dagogue\" \/>\n<meta property=\"og:description\" content=\"L\u2019apprentissage et l\u2019accompagnement \u00e9ducatif \u00e9voluent constamment, port\u00e9s par les avanc\u00e9es de la recherche et les nouvelles approches p\u00e9dagogiques. Que vous soyez enseignant, orthop\u00e9dagogue, parent ou professionnel de l\u2019\u00e9ducation, rester inform\u00e9 est essentiel pour s\u2019adapter aux besoins des \u00e9l\u00e8ves et optimiser les pratiques d\u2019accompagnement. Cette page vous propose une s\u00e9lection de livres soigneusement choisis pour enrichir&hellip;&nbsp;Lire la suite &raquo;Les livres\" \/>\n<meta property=\"og:url\" content=\"https:\/\/audreydelaforge.com\/index.php\/les-livres\/\" \/>\n<meta property=\"og:site_name\" content=\"Audrey Delaforge, Orthop\u00e9dagogue\" \/>\n<meta property=\"article:publisher\" content=\"https:\/\/www.facebook.com\/audreycateldelaforge\" \/>\n<meta property=\"article:modified_time\" content=\"2025-05-27T11:49:55+00:00\" \/>\n<meta property=\"og:image\" content=\"https:\/\/audreydelaforge.com\/wp-content\/uploads\/2025\/03\/Sans-titre.png\" \/>\n\t<meta property=\"og:image:width\" content=\"878\" \/>\n\t<meta property=\"og:image:height\" content=\"1398\" \/>\n\t<meta property=\"og:image:type\" content=\"image\/png\" \/>\n<meta name=\"twitter:card\" content=\"summary_large_image\" \/>\n<meta name=\"twitter:label1\" content=\"Dur\u00e9e de lecture estim\u00e9e\" \/>\n\t<meta name=\"twitter:data1\" content=\"2 minutes\" \/>\n<script type=\"application\/ld+json\" class=\"yoast-schema-graph\">{\"@context\":\"https:\\\/\\\/schema.org\",\"@graph\":[{\"@type\":\"WebPage\",\"@id\":\"https:\\\/\\\/audreydelaforge.com\\\/index.php\\\/les-livres\\\/\",\"url\":\"https:\\\/\\\/audreydelaforge.com\\\/index.php\\\/les-livres\\\/\",\"name\":\"Les livres ~ Audrey Delaforge, Orthop\u00e9dagogue\",\"isPartOf\":{\"@id\":\"https:\\\/\\\/audreydelaforge.com\\\/#website\"},\"primaryImageOfPage\":{\"@id\":\"https:\\\/\\\/audreydelaforge.com\\\/index.php\\\/les-livres\\\/#primaryimage\"},\"image\":{\"@id\":\"https:\\\/\\\/audreydelaforge.com\\\/index.php\\\/les-livres\\\/#primaryimage\"},\"thumbnailUrl\":\"https:\\\/\\\/audreydelaforge.com\\\/wp-content\\\/uploads\\\/2025\\\/03\\\/Sans-titre-643x1024.png\",\"datePublished\":\"2025-02-18T11:14:02+00:00\",\"dateModified\":\"2025-05-27T11:49:55+00:00\",\"breadcrumb\":{\"@id\":\"https:\\\/\\\/audreydelaforge.com\\\/index.php\\\/les-livres\\\/#breadcrumb\"},\"inLanguage\":\"fr-FR\",\"potentialAction\":[{\"@type\":\"ReadAction\",\"target\":[\"https:\\\/\\\/audreydelaforge.com\\\/index.php\\\/les-livres\\\/\"]}]},{\"@type\":\"ImageObject\",\"inLanguage\":\"fr-FR\",\"@id\":\"https:\\\/\\\/audreydelaforge.com\\\/index.php\\\/les-livres\\\/#primaryimage\",\"url\":\"https:\\\/\\\/audreydelaforge.com\\\/wp-content\\\/uploads\\\/2025\\\/03\\\/Sans-titre.png\",\"contentUrl\":\"https:\\\/\\\/audreydelaforge.com\\\/wp-content\\\/uploads\\\/2025\\\/03\\\/Sans-titre.png\",\"width\":878,\"height\":1398},{\"@type\":\"BreadcrumbList\",\"@id\":\"https:\\\/\\\/audreydelaforge.com\\\/index.php\\\/les-livres\\\/#breadcrumb\",\"itemListElement\":[{\"@type\":\"ListItem\",\"position\":1,\"name\":\"Accueil\",\"item\":\"https:\\\/\\\/audreydelaforge.com\\\/\"},{\"@type\":\"ListItem\",\"position\":2,\"name\":\"Les livres\"}]},{\"@type\":\"WebSite\",\"@id\":\"https:\\\/\\\/audreydelaforge.com\\\/#website\",\"url\":\"https:\\\/\\\/audreydelaforge.com\\\/\",\"name\":\"Audrey Delaforge, Orthop\u00e9dagogue\",\"description\":\"L&#039;apprenant au centre du savoir\",\"publisher\":{\"@id\":\"https:\\\/\\\/audreydelaforge.com\\\/#organization\"},\"potentialAction\":[{\"@type\":\"SearchAction\",\"target\":{\"@type\":\"EntryPoint\",\"urlTemplate\":\"https:\\\/\\\/audreydelaforge.com\\\/?s={search_term_string}\"},\"query-input\":{\"@type\":\"PropertyValueSpecification\",\"valueRequired\":true,\"valueName\":\"search_term_string\"}}],\"inLanguage\":\"fr-FR\"},{\"@type\":\"Organization\",\"@id\":\"https:\\\/\\\/audreydelaforge.com\\\/#organization\",\"name\":\"Audrey Delaforge, Orthop\u00e9dagogue\",\"url\":\"https:\\\/\\\/audreydelaforge.com\\\/\",\"logo\":{\"@type\":\"ImageObject\",\"inLanguage\":\"fr-FR\",\"@id\":\"https:\\\/\\\/audreydelaforge.com\\\/#\\\/schema\\\/logo\\\/image\\\/\",\"url\":\"https:\\\/\\\/audreydelaforge.com\\\/wp-content\\\/uploads\\\/2022\\\/06\\\/Logo-orange-noir-avec-Audrey-1.png\",\"contentUrl\":\"https:\\\/\\\/audreydelaforge.com\\\/wp-content\\\/uploads\\\/2022\\\/06\\\/Logo-orange-noir-avec-Audrey-1.png\",\"width\":500,\"height\":500,\"caption\":\"Audrey Delaforge, Orthop\u00e9dagogue\"},\"image\":{\"@id\":\"https:\\\/\\\/audreydelaforge.com\\\/#\\\/schema\\\/logo\\\/image\\\/\"},\"sameAs\":[\"https:\\\/\\\/www.facebook.com\\\/audreycateldelaforge\",\"https:\\\/\\\/www.linkedin.com\\\/in\\\/audrey-catel-delaforge\",\"https:\\\/\\\/www.instagram.com\\\/audrey_delaforge\\\/\"]}]}<\/script>\n<!-- \/ Yoast SEO plugin. -->","yoast_head_json":{"title":"Les livres ~ Audrey Delaforge, Orthop\u00e9dagogue","robots":{"index":"index","follow":"follow","max-snippet":"max-snippet:-1","max-image-preview":"max-image-preview:large","max-video-preview":"max-video-preview:-1"},"canonical":"https:\/\/audreydelaforge.com\/index.php\/les-livres\/","og_locale":"fr_FR","og_type":"article","og_title":"Les livres ~ Audrey Delaforge, Orthop\u00e9dagogue","og_description":"L\u2019apprentissage et l\u2019accompagnement \u00e9ducatif \u00e9voluent constamment, port\u00e9s par les avanc\u00e9es de la recherche et les nouvelles approches p\u00e9dagogiques. Que vous soyez enseignant, orthop\u00e9dagogue, parent ou professionnel de l\u2019\u00e9ducation, rester inform\u00e9 est essentiel pour s\u2019adapter aux besoins des \u00e9l\u00e8ves et optimiser les pratiques d\u2019accompagnement. Cette page vous propose une s\u00e9lection de livres soigneusement choisis pour enrichir&hellip;&nbsp;Lire la suite &raquo;Les livres","og_url":"https:\/\/audreydelaforge.com\/index.php\/les-livres\/","og_site_name":"Audrey Delaforge, Orthop\u00e9dagogue","article_publisher":"https:\/\/www.facebook.com\/audreycateldelaforge","article_modified_time":"2025-05-27T11:49:55+00:00","og_image":[{"width":878,"height":1398,"url":"https:\/\/audreydelaforge.com\/wp-content\/uploads\/2025\/03\/Sans-titre.png","type":"image\/png"}],"twitter_card":"summary_large_image","twitter_misc":{"Dur\u00e9e de lecture estim\u00e9e":"2 minutes"},"schema":{"@context":"https:\/\/schema.org","@graph":[{"@type":"WebPage","@id":"https:\/\/audreydelaforge.com\/index.php\/les-livres\/","url":"https:\/\/audreydelaforge.com\/index.php\/les-livres\/","name":"Les livres ~ Audrey Delaforge, Orthop\u00e9dagogue","isPartOf":{"@id":"https:\/\/audreydelaforge.com\/#website"},"primaryImageOfPage":{"@id":"https:\/\/audreydelaforge.com\/index.php\/les-livres\/#primaryimage"},"image":{"@id":"https:\/\/audreydelaforge.com\/index.php\/les-livres\/#primaryimage"},"thumbnailUrl":"https:\/\/audreydelaforge.com\/wp-content\/uploads\/2025\/03\/Sans-titre-643x1024.png","datePublished":"2025-02-18T11:14:02+00:00","dateModified":"2025-05-27T11:49:55+00:00","breadcrumb":{"@id":"https:\/\/audreydelaforge.com\/index.php\/les-livres\/#breadcrumb"},"inLanguage":"fr-FR","potentialAction":[{"@type":"ReadAction","target":["https:\/\/audreydelaforge.com\/index.php\/les-livres\/"]}]},{"@type":"ImageObject","inLanguage":"fr-FR","@id":"https:\/\/audreydelaforge.com\/index.php\/les-livres\/#primaryimage","url":"https:\/\/audreydelaforge.com\/wp-content\/uploads\/2025\/03\/Sans-titre.png","contentUrl":"https:\/\/audreydelaforge.com\/wp-content\/uploads\/2025\/03\/Sans-titre.png","width":878,"height":1398},{"@type":"BreadcrumbList","@id":"https:\/\/audreydelaforge.com\/index.php\/les-livres\/#breadcrumb","itemListElement":[{"@type":"ListItem","position":1,"name":"Accueil","item":"https:\/\/audreydelaforge.com\/"},{"@type":"ListItem","position":2,"name":"Les livres"}]},{"@type":"WebSite","@id":"https:\/\/audreydelaforge.com\/#website","url":"https:\/\/audreydelaforge.com\/","name":"Audrey Delaforge, Orthop\u00e9dagogue","description":"L&#039;apprenant au centre du savoir","publisher":{"@id":"https:\/\/audreydelaforge.com\/#organization"},"potentialAction":[{"@type":"SearchAction","target":{"@type":"EntryPoint","urlTemplate":"https:\/\/audreydelaforge.com\/?s={search_term_string}"},"query-input":{"@type":"PropertyValueSpecification","valueRequired":true,"valueName":"search_term_string"}}],"inLanguage":"fr-FR"},{"@type":"Organization","@id":"https:\/\/audreydelaforge.com\/#organization","name":"Audrey Delaforge, Orthop\u00e9dagogue","url":"https:\/\/audreydelaforge.com\/","logo":{"@type":"ImageObject","inLanguage":"fr-FR","@id":"https:\/\/audreydelaforge.com\/#\/schema\/logo\/image\/","url":"https:\/\/audreydelaforge.com\/wp-content\/uploads\/2022\/06\/Logo-orange-noir-avec-Audrey-1.png","contentUrl":"https:\/\/audreydelaforge.com\/wp-content\/uploads\/2022\/06\/Logo-orange-noir-avec-Audrey-1.png","width":500,"height":500,"caption":"Audrey Delaforge, Orthop\u00e9dagogue"},"image":{"@id":"https:\/\/audreydelaforge.com\/#\/schema\/logo\/image\/"},"sameAs":["https:\/\/www.facebook.com\/audreycateldelaforge","https:\/\/www.linkedin.com\/in\/audrey-catel-delaforge","https:\/\/www.instagram.com\/audrey_delaforge\/"]}]}},"_links":{"self":[{"href":"https:\/\/audreydelaforge.com\/index.php\/wp-json\/wp\/v2\/pages\/1272","targetHints":{"allow":["GET"]}}],"collection":[{"href":"https:\/\/audreydelaforge.com\/index.php\/wp-json\/wp\/v2\/pages"}],"about":[{"href":"https:\/\/audreydelaforge.com\/index.php\/wp-json\/wp\/v2\/types\/page"}],"author":[{"embeddable":true,"href":"https:\/\/audreydelaforge.com\/index.php\/wp-json\/wp\/v2\/users\/2"}],"replies":[{"embeddable":true,"href":"https:\/\/audreydelaforge.com\/index.php\/wp-json\/wp\/v2\/comments?post=1272"}],"version-history":[{"count":0,"href":"https:\/\/audreydelaforge.com\/index.php\/wp-json\/wp\/v2\/pages\/1272\/revisions"}],"wp:attachment":[{"href":"https:\/\/audreydelaforge.com\/index.php\/wp-json\/wp\/v2\/media?parent=1272"}],"curies":[{"name":"wp","href":"https:\/\/api.w.org\/{rel}","templated":true}]}}