{"id":1287,"date":"2025-03-01T11:32:03","date_gmt":"2025-03-01T11:32:03","guid":{"rendered":"https:\/\/audreydelaforge.com\/?page_id=1287"},"modified":"2025-03-01T11:32:05","modified_gmt":"2025-03-01T11:32:05","slug":"reussir-les-devoirs-de-votre-enfant-transformez-les-soirees-en-moments-de-complicite-et-de-succes","status":"publish","type":"page","link":"https:\/\/audreydelaforge.com\/index.php\/reussir-les-devoirs-de-votre-enfant-transformez-les-soirees-en-moments-de-complicite-et-de-succes\/","title":{"rendered":"R\u00e9ussir les Devoirs de Votre Enfant : Transformez les Soir\u00e9es en Moments de Complicit\u00e9 et de Succ\u00e8s !"},"content":{"rendered":"\n<h2 class=\"wp-block-heading has-text-align-center\"><strong>R\u00e9ussir les Devoirs de Votre Enfant : Transformez les Soir\u00e9es en Moments de Complicit\u00e9 et de Succ\u00e8s !<\/strong><\/h2>\n\n\n\n<p>Par Audrey Delaforge<\/p>\n\n\n\n<h3 class=\"wp-block-heading has-text-align-center\">Dites Adieu aux Conflits Pendant les Devoirs !<\/h3>\n\n\n\n<p>Votre enfant tra\u00eene pour commencer ses devoirs ? Il se d\u00e9concentre sans cesse, r\u00e2le ou se frustre face aux exercices ? Vous passez des soir\u00e9es stressantes \u00e0 essayer de l\u2019aider, mais rien ne fonctionne ?<\/p>\n\n\n\n<p><strong>Bonne nouvelle ! Il existe des strat\u00e9gies simples et efficaces pour transformer ces moments en une exp\u00e9rience positive et productive.<\/strong><\/p>\n\n\n\n<p>Avec <strong>\u00ab\u00a0R\u00e9ussir les Devoirs : Strat\u00e9gies Simples et Efficaces pour Accompagner Votre Enfant\u00a0\u00bb<\/strong>, vous d\u00e9couvrirez des techniques approuv\u00e9es par les neurosciences et l\u2019orthop\u00e9dagogie pour rendre les devoirs plus efficaces, plus rapides et surtout plus sereins !<\/p>\n\n\n\n<hr class=\"wp-block-separator has-alpha-channel-opacity\"\/>\n\n\n\n<h3 class=\"wp-block-heading has-text-align-center\">Pourquoi ce livre est un incontournable pour tous les parents ?<\/h3>\n\n\n\n<p>\u2705 <strong>Un guide bas\u00e9 sur les neurosciences<\/strong> : Comprenez comment fonctionne le cerveau de votre enfant et comment favoriser son apprentissage.<\/p>\n\n\n\n<p>\u2705 <strong>Des techniques concr\u00e8tes et applicables d\u00e8s ce soir<\/strong> : Des astuces simples \u00e0 mettre en place pour am\u00e9liorer la concentration, la m\u00e9morisation et l\u2019autonomie.<\/p>\n\n\n\n<p>\u2705 <strong>Une approche bienveillante et positive<\/strong> : Dites adieu aux cris et aux conflits, et instaurez une relation de complicit\u00e9 avec votre enfant.<\/p>\n\n\n\n<p>\u2705 <strong>Des cas pratiques pour chaque situation<\/strong> : Apprentissage des mots de dict\u00e9e, tables de multiplication, r\u00e9solution de probl\u00e8mes&#8230; chaque chapitre apporte des solutions adapt\u00e9es.<\/p>\n\n\n\n<p>\u2705 <strong>Une m\u00e9thode qui marche pour TOUS les enfants<\/strong> : Qu\u2019il soit en difficult\u00e9 scolaire ou simplement en manque de motivation, ce livre lui offrira des solutions sur mesure.<\/p>\n\n\n\n<hr class=\"wp-block-separator has-alpha-channel-opacity\"\/>\n\n\n\n<h3 class=\"wp-block-heading has-text-align-center\">Vous allez apprendre comment :<\/h3>\n\n\n\n<ul class=\"wp-block-list\">\n<li>Cr\u00e9er un <strong>environnement propice \u00e0 la concentration<\/strong> (et \u00e9viter les distractions inutiles).<\/li>\n\n\n\n<li>Favoriser des <strong>sessions de travail courtes et efficaces<\/strong> (gr\u00e2ce \u00e0 la m\u00e9thode Pomodoro et aux pauses actives).<\/li>\n\n\n\n<li>Utiliser la <strong>r\u00e9p\u00e9tition espac\u00e9e<\/strong> pour une m\u00e9morisation durable.<\/li>\n\n\n\n<li>Transformer l\u2019apprentissage en <strong>jeu et en exp\u00e9rience multisensorielle<\/strong> pour capter l\u2019attention.<\/li>\n\n\n\n<li>Adapter les devoirs au <strong>chronotype de votre enfant<\/strong> pour qu\u2019il travaille au moment o\u00f9 il est le plus performant.<\/li>\n\n\n\n<li>Valoriser le <strong>sommeil et la gestion du stress<\/strong>, des facteurs cl\u00e9s pour la r\u00e9ussite scolaire.<\/li>\n\n\n\n<li>Pratiquer la <strong>m\u00e9tacognition<\/strong> et encourager votre enfant \u00e0 apprendre \u00e0 apprendre.<\/li>\n<\/ul>\n\n\n\n<hr class=\"wp-block-separator has-alpha-channel-opacity\"\/>\n\n\n\n<h3 class=\"wp-block-heading has-text-align-center\">Qui est l\u2019auteure ?<\/h3>\n\n\n\n<p><strong>Audrey Delaforge<\/strong>, orthop\u00e9dagogue ind\u00e9pendante, formatrice en orthop\u00e9dagogie et enseignante depuis plus de 20 ans. Elle a accompagn\u00e9 des centaines d\u2019enfants et de familles pour transformer les devoirs en une \u00e9tape positive et efficace du parcours scolaire. Passionn\u00e9e par les neurosciences et la p\u00e9dagogie adapt\u00e9e, elle partage dans ce livre des strat\u00e9gies \u00e0 la fois simples et puissantes pour aider votre enfant \u00e0 s\u2019\u00e9panouir dans son apprentissage.<\/p>\n\n\n\n<hr class=\"wp-block-separator has-alpha-channel-opacity\"\/>\n\n\n\n<h3 class=\"wp-block-heading has-text-align-center\">Ce que disent les parents qui ont test\u00e9 ces m\u00e9thodes :<\/h3>\n\n\n\n<p>\ud83d\udc64 <em>\u00ab\u00a0Avant, les devoirs \u00e9taient un v\u00e9ritable cauchemar. Mon fils refusait de s&rsquo;y mettre, et on finissait toujours en conflit. Gr\u00e2ce \u00e0 ce livre, j&rsquo;ai appris \u00e0 mieux organiser son temps et \u00e0 rendre les exercices plus ludiques. R\u00e9sultat : il est plus autonome et motiv\u00e9 !\u00a0\u00bb<\/em> &#8211; Caroline, maman de Lucas, 9 ans.<\/p>\n\n\n\n<p>\ud83d\udc64 <em>\u00ab\u00a0J&rsquo;ai appliqu\u00e9 les conseils sur la m\u00e9morisation et l&rsquo;apprentissage actif, et ma fille a doubl\u00e9 sa moyenne en maths en quelques semaines !\u00a0\u00bb<\/em> &#8211; Julien, papa de L\u00e9a, 12 ans.<\/p>\n\n\n\n<hr class=\"wp-block-separator has-alpha-channel-opacity\"\/>\n\n\n\n<h3 class=\"wp-block-heading has-text-align-center\"><strong>Un investissement qui change la vie scolaire de votre enfant<\/strong><\/h3>\n\n\n\n<p>Ce livre ne vous co\u00fbtera que <strong>7 \u20ac<\/strong> en ebook ou <strong>19,33 \u20ac<\/strong> en broch\u00e9, mais il vous fera gagner un temps pr\u00e9cieux, r\u00e9duira le stress familial et aidera votre enfant \u00e0 r\u00e9ussir avec plus de confiance et d&rsquo;enthousiasme.<\/p>\n\n\n\n<p class=\"has-text-align-center\"><strong>Commandez-le maintenant et transformez les devoirs en un moment serein et efficace !<\/strong><\/p>\n\n\n\n<p class=\"has-text-align-center\"><strong><a href=\"http:\/\/\ud83d\udd17 Cliquez ici pour commander maintenant ! (Ebook)\">\ud83d\udc49 JE COMMANDE MAINTENANT !<\/a><\/strong><\/p>\n\n\n\n<hr class=\"wp-block-separator has-alpha-channel-opacity\"\/>\n\n\n\n<h3 class=\"wp-block-heading has-text-align-center\">Garantie 100% satisfaction<\/h3>\n\n\n\n<p>Nous sommes convaincus que ce livre apportera une vraie diff\u00e9rence dans la vie de votre enfant. C&rsquo;est pourquoi nous vous proposons une <strong>garantie satisfaction<\/strong> : si vous ne constatez pas d&rsquo;am\u00e9lioration dans la gestion des devoirs apr\u00e8s l&rsquo;application des conseils, nous vous remboursons int\u00e9gralement.<\/p>\n\n\n\n<p>Alors, pr\u00eat(e) \u00e0 transformer les devoirs en un moment de complicit\u00e9 et de r\u00e9ussite ?<\/p>\n\n\n\n<p class=\"has-text-align-center\"><a href=\"http:\/\/\ud83d\udd17 Cliquez ici pour commander maintenant ! (Ebook)\"><strong>\ud83d\udd17 Cliquez ici pour commander maintenant !<\/strong> (Ebook)<\/a><\/p>\n\n\n\n<p class=\"has-text-align-center\"><strong>\ud83d\udd17 Cliquez ici pour commander maintenant !<\/strong> (Broch\u00e9)<\/p>\n","protected":false},"excerpt":{"rendered":"<p>R\u00e9ussir les Devoirs de Votre Enfant : Transformez les Soir\u00e9es en Moments de Complicit\u00e9 et de Succ\u00e8s ! Par Audrey Delaforge Dites Adieu aux Conflits Pendant les Devoirs ! Votre enfant tra\u00eene pour commencer ses devoirs ? Il se d\u00e9concentre sans cesse, r\u00e2le ou se frustre face aux exercices ? Vous passez des soir\u00e9es stressantes&hellip;&nbsp;<a href=\"https:\/\/audreydelaforge.com\/index.php\/reussir-les-devoirs-de-votre-enfant-transformez-les-soirees-en-moments-de-complicite-et-de-succes\/\" rel=\"bookmark\">Lire la suite &raquo;<span class=\"screen-reader-text\">R\u00e9ussir les Devoirs de Votre Enfant : Transformez les Soir\u00e9es en Moments de Complicit\u00e9 et de Succ\u00e8s !<\/span><\/a><\/p>\n","protected":false},"author":2,"featured_media":0,"parent":0,"menu_order":0,"comment_status":"closed","ping_status":"closed","template":"","meta":{"om_disable_all_campaigns":false,"neve_meta_sidebar":"","neve_meta_container":"","neve_meta_enable_content_width":"","neve_meta_content_width":0,"neve_meta_title_alignment":"center","neve_meta_author_avatar":"","neve_post_elements_order":"","neve_meta_disable_header":"","neve_meta_disable_footer":"","neve_meta_disable_title":"on","footnotes":""},"class_list":["post-1287","page","type-page","status-publish","hentry"],"yoast_head":"<!-- This site is optimized with the Yoast SEO plugin v27.5 - https:\/\/yoast.com\/product\/yoast-seo-wordpress\/ -->\n<title>R\u00e9ussir les Devoirs de Votre Enfant : Transformez les Soir\u00e9es en Moments de Complicit\u00e9 et de Succ\u00e8s ! ~ Audrey Delaforge, Orthop\u00e9dagogue<\/title>\n<meta name=\"robots\" content=\"index, follow, max-snippet:-1, max-image-preview:large, max-video-preview:-1\" \/>\n<link rel=\"canonical\" href=\"https:\/\/audreydelaforge.com\/index.php\/reussir-les-devoirs-de-votre-enfant-transformez-les-soirees-en-moments-de-complicite-et-de-succes\/\" \/>\n<meta property=\"og:locale\" content=\"fr_FR\" \/>\n<meta property=\"og:type\" content=\"article\" \/>\n<meta property=\"og:title\" content=\"R\u00e9ussir les Devoirs de Votre Enfant : Transformez les Soir\u00e9es en Moments de Complicit\u00e9 et de Succ\u00e8s ! ~ Audrey Delaforge, Orthop\u00e9dagogue\" \/>\n<meta property=\"og:description\" content=\"R\u00e9ussir les Devoirs de Votre Enfant : Transformez les Soir\u00e9es en Moments de Complicit\u00e9 et de Succ\u00e8s ! Par Audrey Delaforge Dites Adieu aux Conflits Pendant les Devoirs ! Votre enfant tra\u00eene pour commencer ses devoirs ? Il se d\u00e9concentre sans cesse, r\u00e2le ou se frustre face aux exercices ? Vous passez des soir\u00e9es stressantes&hellip;&nbsp;Lire la suite &raquo;R\u00e9ussir les Devoirs de Votre Enfant : Transformez les Soir\u00e9es en Moments de Complicit\u00e9 et de Succ\u00e8s !\" \/>\n<meta property=\"og:url\" content=\"https:\/\/audreydelaforge.com\/index.php\/reussir-les-devoirs-de-votre-enfant-transformez-les-soirees-en-moments-de-complicite-et-de-succes\/\" \/>\n<meta property=\"og:site_name\" content=\"Audrey Delaforge, Orthop\u00e9dagogue\" \/>\n<meta property=\"article:publisher\" content=\"https:\/\/www.facebook.com\/audreycateldelaforge\" \/>\n<meta property=\"article:modified_time\" content=\"2025-03-01T11:32:05+00:00\" \/>\n<meta name=\"twitter:card\" content=\"summary_large_image\" \/>\n<meta name=\"twitter:label1\" content=\"Dur\u00e9e de lecture estim\u00e9e\" \/>\n\t<meta name=\"twitter:data1\" content=\"3 minutes\" \/>\n<script type=\"application\/ld+json\" class=\"yoast-schema-graph\">{\"@context\":\"https:\\\/\\\/schema.org\",\"@graph\":[{\"@type\":\"WebPage\",\"@id\":\"https:\\\/\\\/audreydelaforge.com\\\/index.php\\\/reussir-les-devoirs-de-votre-enfant-transformez-les-soirees-en-moments-de-complicite-et-de-succes\\\/\",\"url\":\"https:\\\/\\\/audreydelaforge.com\\\/index.php\\\/reussir-les-devoirs-de-votre-enfant-transformez-les-soirees-en-moments-de-complicite-et-de-succes\\\/\",\"name\":\"R\u00e9ussir les Devoirs de Votre Enfant : Transformez les Soir\u00e9es en Moments de Complicit\u00e9 et de Succ\u00e8s ! ~ Audrey Delaforge, Orthop\u00e9dagogue\",\"isPartOf\":{\"@id\":\"https:\\\/\\\/audreydelaforge.com\\\/#website\"},\"datePublished\":\"2025-03-01T11:32:03+00:00\",\"dateModified\":\"2025-03-01T11:32:05+00:00\",\"breadcrumb\":{\"@id\":\"https:\\\/\\\/audreydelaforge.com\\\/index.php\\\/reussir-les-devoirs-de-votre-enfant-transformez-les-soirees-en-moments-de-complicite-et-de-succes\\\/#breadcrumb\"},\"inLanguage\":\"fr-FR\",\"potentialAction\":[{\"@type\":\"ReadAction\",\"target\":[\"https:\\\/\\\/audreydelaforge.com\\\/index.php\\\/reussir-les-devoirs-de-votre-enfant-transformez-les-soirees-en-moments-de-complicite-et-de-succes\\\/\"]}]},{\"@type\":\"BreadcrumbList\",\"@id\":\"https:\\\/\\\/audreydelaforge.com\\\/index.php\\\/reussir-les-devoirs-de-votre-enfant-transformez-les-soirees-en-moments-de-complicite-et-de-succes\\\/#breadcrumb\",\"itemListElement\":[{\"@type\":\"ListItem\",\"position\":1,\"name\":\"Accueil\",\"item\":\"https:\\\/\\\/audreydelaforge.com\\\/\"},{\"@type\":\"ListItem\",\"position\":2,\"name\":\"R\u00e9ussir les Devoirs de Votre Enfant : Transformez les Soir\u00e9es en Moments de Complicit\u00e9 et de Succ\u00e8s !\"}]},{\"@type\":\"WebSite\",\"@id\":\"https:\\\/\\\/audreydelaforge.com\\\/#website\",\"url\":\"https:\\\/\\\/audreydelaforge.com\\\/\",\"name\":\"Audrey Delaforge, Orthop\u00e9dagogue\",\"description\":\"L&#039;apprenant au centre du savoir\",\"publisher\":{\"@id\":\"https:\\\/\\\/audreydelaforge.com\\\/#organization\"},\"potentialAction\":[{\"@type\":\"SearchAction\",\"target\":{\"@type\":\"EntryPoint\",\"urlTemplate\":\"https:\\\/\\\/audreydelaforge.com\\\/?s={search_term_string}\"},\"query-input\":{\"@type\":\"PropertyValueSpecification\",\"valueRequired\":true,\"valueName\":\"search_term_string\"}}],\"inLanguage\":\"fr-FR\"},{\"@type\":\"Organization\",\"@id\":\"https:\\\/\\\/audreydelaforge.com\\\/#organization\",\"name\":\"Audrey Delaforge, Orthop\u00e9dagogue\",\"url\":\"https:\\\/\\\/audreydelaforge.com\\\/\",\"logo\":{\"@type\":\"ImageObject\",\"inLanguage\":\"fr-FR\",\"@id\":\"https:\\\/\\\/audreydelaforge.com\\\/#\\\/schema\\\/logo\\\/image\\\/\",\"url\":\"https:\\\/\\\/audreydelaforge.com\\\/wp-content\\\/uploads\\\/2022\\\/06\\\/Logo-orange-noir-avec-Audrey-1.png\",\"contentUrl\":\"https:\\\/\\\/audreydelaforge.com\\\/wp-content\\\/uploads\\\/2022\\\/06\\\/Logo-orange-noir-avec-Audrey-1.png\",\"width\":500,\"height\":500,\"caption\":\"Audrey Delaforge, Orthop\u00e9dagogue\"},\"image\":{\"@id\":\"https:\\\/\\\/audreydelaforge.com\\\/#\\\/schema\\\/logo\\\/image\\\/\"},\"sameAs\":[\"https:\\\/\\\/www.facebook.com\\\/audreycateldelaforge\",\"https:\\\/\\\/www.linkedin.com\\\/in\\\/audrey-catel-delaforge\",\"https:\\\/\\\/www.instagram.com\\\/audrey_delaforge\\\/\"]}]}<\/script>\n<!-- \/ Yoast SEO plugin. -->","yoast_head_json":{"title":"R\u00e9ussir les Devoirs de Votre Enfant : Transformez les Soir\u00e9es en Moments de Complicit\u00e9 et de Succ\u00e8s ! ~ Audrey Delaforge, Orthop\u00e9dagogue","robots":{"index":"index","follow":"follow","max-snippet":"max-snippet:-1","max-image-preview":"max-image-preview:large","max-video-preview":"max-video-preview:-1"},"canonical":"https:\/\/audreydelaforge.com\/index.php\/reussir-les-devoirs-de-votre-enfant-transformez-les-soirees-en-moments-de-complicite-et-de-succes\/","og_locale":"fr_FR","og_type":"article","og_title":"R\u00e9ussir les Devoirs de Votre Enfant : Transformez les Soir\u00e9es en Moments de Complicit\u00e9 et de Succ\u00e8s ! ~ Audrey Delaforge, Orthop\u00e9dagogue","og_description":"R\u00e9ussir les Devoirs de Votre Enfant : Transformez les Soir\u00e9es en Moments de Complicit\u00e9 et de Succ\u00e8s ! Par Audrey Delaforge Dites Adieu aux Conflits Pendant les Devoirs ! Votre enfant tra\u00eene pour commencer ses devoirs ? Il se d\u00e9concentre sans cesse, r\u00e2le ou se frustre face aux exercices ? Vous passez des soir\u00e9es stressantes&hellip;&nbsp;Lire la suite &raquo;R\u00e9ussir les Devoirs de Votre Enfant : Transformez les Soir\u00e9es en Moments de Complicit\u00e9 et de Succ\u00e8s !","og_url":"https:\/\/audreydelaforge.com\/index.php\/reussir-les-devoirs-de-votre-enfant-transformez-les-soirees-en-moments-de-complicite-et-de-succes\/","og_site_name":"Audrey Delaforge, Orthop\u00e9dagogue","article_publisher":"https:\/\/www.facebook.com\/audreycateldelaforge","article_modified_time":"2025-03-01T11:32:05+00:00","twitter_card":"summary_large_image","twitter_misc":{"Dur\u00e9e de lecture estim\u00e9e":"3 minutes"},"schema":{"@context":"https:\/\/schema.org","@graph":[{"@type":"WebPage","@id":"https:\/\/audreydelaforge.com\/index.php\/reussir-les-devoirs-de-votre-enfant-transformez-les-soirees-en-moments-de-complicite-et-de-succes\/","url":"https:\/\/audreydelaforge.com\/index.php\/reussir-les-devoirs-de-votre-enfant-transformez-les-soirees-en-moments-de-complicite-et-de-succes\/","name":"R\u00e9ussir les Devoirs de Votre Enfant : Transformez les Soir\u00e9es en Moments de Complicit\u00e9 et de Succ\u00e8s ! ~ Audrey Delaforge, Orthop\u00e9dagogue","isPartOf":{"@id":"https:\/\/audreydelaforge.com\/#website"},"datePublished":"2025-03-01T11:32:03+00:00","dateModified":"2025-03-01T11:32:05+00:00","breadcrumb":{"@id":"https:\/\/audreydelaforge.com\/index.php\/reussir-les-devoirs-de-votre-enfant-transformez-les-soirees-en-moments-de-complicite-et-de-succes\/#breadcrumb"},"inLanguage":"fr-FR","potentialAction":[{"@type":"ReadAction","target":["https:\/\/audreydelaforge.com\/index.php\/reussir-les-devoirs-de-votre-enfant-transformez-les-soirees-en-moments-de-complicite-et-de-succes\/"]}]},{"@type":"BreadcrumbList","@id":"https:\/\/audreydelaforge.com\/index.php\/reussir-les-devoirs-de-votre-enfant-transformez-les-soirees-en-moments-de-complicite-et-de-succes\/#breadcrumb","itemListElement":[{"@type":"ListItem","position":1,"name":"Accueil","item":"https:\/\/audreydelaforge.com\/"},{"@type":"ListItem","position":2,"name":"R\u00e9ussir les Devoirs de Votre Enfant : Transformez les Soir\u00e9es en Moments de Complicit\u00e9 et de Succ\u00e8s !"}]},{"@type":"WebSite","@id":"https:\/\/audreydelaforge.com\/#website","url":"https:\/\/audreydelaforge.com\/","name":"Audrey Delaforge, Orthop\u00e9dagogue","description":"L&#039;apprenant au centre du savoir","publisher":{"@id":"https:\/\/audreydelaforge.com\/#organization"},"potentialAction":[{"@type":"SearchAction","target":{"@type":"EntryPoint","urlTemplate":"https:\/\/audreydelaforge.com\/?s={search_term_string}"},"query-input":{"@type":"PropertyValueSpecification","valueRequired":true,"valueName":"search_term_string"}}],"inLanguage":"fr-FR"},{"@type":"Organization","@id":"https:\/\/audreydelaforge.com\/#organization","name":"Audrey Delaforge, Orthop\u00e9dagogue","url":"https:\/\/audreydelaforge.com\/","logo":{"@type":"ImageObject","inLanguage":"fr-FR","@id":"https:\/\/audreydelaforge.com\/#\/schema\/logo\/image\/","url":"https:\/\/audreydelaforge.com\/wp-content\/uploads\/2022\/06\/Logo-orange-noir-avec-Audrey-1.png","contentUrl":"https:\/\/audreydelaforge.com\/wp-content\/uploads\/2022\/06\/Logo-orange-noir-avec-Audrey-1.png","width":500,"height":500,"caption":"Audrey Delaforge, Orthop\u00e9dagogue"},"image":{"@id":"https:\/\/audreydelaforge.com\/#\/schema\/logo\/image\/"},"sameAs":["https:\/\/www.facebook.com\/audreycateldelaforge","https:\/\/www.linkedin.com\/in\/audrey-catel-delaforge","https:\/\/www.instagram.com\/audrey_delaforge\/"]}]}},"_links":{"self":[{"href":"https:\/\/audreydelaforge.com\/index.php\/wp-json\/wp\/v2\/pages\/1287","targetHints":{"allow":["GET"]}}],"collection":[{"href":"https:\/\/audreydelaforge.com\/index.php\/wp-json\/wp\/v2\/pages"}],"about":[{"href":"https:\/\/audreydelaforge.com\/index.php\/wp-json\/wp\/v2\/types\/page"}],"author":[{"embeddable":true,"href":"https:\/\/audreydelaforge.com\/index.php\/wp-json\/wp\/v2\/users\/2"}],"replies":[{"embeddable":true,"href":"https:\/\/audreydelaforge.com\/index.php\/wp-json\/wp\/v2\/comments?post=1287"}],"version-history":[{"count":0,"href":"https:\/\/audreydelaforge.com\/index.php\/wp-json\/wp\/v2\/pages\/1287\/revisions"}],"wp:attachment":[{"href":"https:\/\/audreydelaforge.com\/index.php\/wp-json\/wp\/v2\/media?parent=1287"}],"curies":[{"name":"wp","href":"https:\/\/api.w.org\/{rel}","templated":true}]}}