{"id":1628,"date":"2025-12-10T11:47:38","date_gmt":"2025-12-10T11:47:38","guid":{"rendered":"https:\/\/audreydelaforge.com\/?page_id=1628"},"modified":"2025-12-10T18:29:26","modified_gmt":"2025-12-10T18:29:26","slug":"le-cocon-tdah","status":"publish","type":"page","link":"https:\/\/audreydelaforge.com\/index.php\/le-cocon-tdah\/","title":{"rendered":"\ud83c\udf3f LE COCON TDAH \ud83c\udf3f"},"content":{"rendered":"<div class=\"wp-block-image\">\n<figure class=\"alignleft size-full is-resized\"><img loading=\"lazy\" decoding=\"async\" width=\"1024\" height=\"1024\" src=\"https:\/\/audreydelaforge.com\/wp-content\/uploads\/2025\/12\/ChatGPT-Image-10-dec.-2025-09_18_09.png\" alt=\"\" class=\"wp-image-1629\" style=\"width:181px;height:auto\" srcset=\"https:\/\/audreydelaforge.com\/wp-content\/uploads\/2025\/12\/ChatGPT-Image-10-dec.-2025-09_18_09.png 1024w, https:\/\/audreydelaforge.com\/wp-content\/uploads\/2025\/12\/ChatGPT-Image-10-dec.-2025-09_18_09-300x300.png 300w, https:\/\/audreydelaforge.com\/wp-content\/uploads\/2025\/12\/ChatGPT-Image-10-dec.-2025-09_18_09-150x150.png 150w, https:\/\/audreydelaforge.com\/wp-content\/uploads\/2025\/12\/ChatGPT-Image-10-dec.-2025-09_18_09-768x768.png 768w, https:\/\/audreydelaforge.com\/wp-content\/uploads\/2025\/12\/ChatGPT-Image-10-dec.-2025-09_18_09-600x600.png 600w, https:\/\/audreydelaforge.com\/wp-content\/uploads\/2025\/12\/ChatGPT-Image-10-dec.-2025-09_18_09-100x100.png 100w\" sizes=\"auto, (max-width: 1024px) 100vw, 1024px\" \/><\/figure>\n<\/div>\n\n\n<h3 class=\"wp-block-heading has-text-align-center has-neve-link-color-color has-text-color has-link-color wp-elements-5a2713d45c860f724b49b86af5998d01\">Guidance parentale &amp; apaisement du quotidien<\/h3>\n\n\n\n<p>Un espace doux et structur\u00e9 pour comprendre ton enfant et avancer avec plus de s\u00e9r\u00e9nit\u00e9.<\/p>\n\n\n\n<blockquote class=\"wp-block-quote is-layout-flow wp-block-quote-is-layout-flow\">\n<p>Parce que comprendre ton enfant change tout.<\/p>\n<\/blockquote>\n\n\n\n<div class=\"wp-block-buttons is-content-justification-center is-layout-flex wp-container-core-buttons-is-layout-16018d1d wp-block-buttons-is-layout-flex\" id=\"guten\">\n<div class=\"wp-block-button is-style-primary\"><a class=\"wp-block-button__link has-electric-grass-gradient-background has-background has-large-font-size has-text-align-center has-custom-font-size wp-element-button\" href=\"https:\/\/tidycal.com\/audreycateldelaforge\/le-cocon-tdah-seances\" style=\"padding-top:var(--wp--preset--spacing--30);padding-right:var(--wp--preset--spacing--50);padding-bottom:var(--wp--preset--spacing--30);padding-left:var(--wp--preset--spacing--50)\">Prendre rendez-vous<\/a><\/div>\n<\/div>\n\n\n\n<h2 class=\"wp-block-heading has-text-align-center has-text-color has-link-color wp-elements-ec427152cdd75ba3649f6ce316e54fb0\" style=\"color:#4a4a47\">Pour qui ?<\/h2>\n\n\n\n<p>Le Cocon TDAH s\u2019adresse aux parents :<\/p>\n\n\n\n<p>\u2714 d\u2019enfants TDAH diagnostiqu\u00e9s<br>\u2714 d\u2019enfants suspect\u00e9s TDAH<br>\u2714 d\u2019enfants \u00e0 besoins \u00e9ducatifs particuliers<br>\u2714 en surcharge \u00e9motionnelle ou mentale<br>\u2714 qui ne comprennent plus certaines r\u00e9actions<br>\u2714 qui cherchent des strat\u00e9gies concr\u00e8tes pour le quotidien<br>\u2714 qui veulent un soutien sans jugement<\/p>\n\n\n\n<h2 class=\"wp-block-heading has-text-align-center has-text-color has-link-color wp-elements-df36e0c789fa5e5a9ebdecc43058e806\" style=\"color:#4a4a47\">Les difficult\u00e9s que tu rencontres peut-\u00eatre<\/h2>\n\n\n\n<ul class=\"wp-block-list\">\n<li>Les routines tournent au conflit<\/li>\n\n\n\n<li>Les devoirs deviennent un moment difficile<\/li>\n\n\n\n<li>Ton enfant s\u2019\u00e9parpille ou s\u2019oppose<\/li>\n\n\n\n<li>Tu te sens d\u00e9pass\u00e9(e) ou seule face aux comportements<\/li>\n\n\n\n<li>L\u2019\u00e9cole envoie des remarques sans solution<\/li>\n\n\n\n<li>Tu veux aider mais tu ne sais plus comment<\/li>\n\n\n\n<li>Tu culpabilises de ne pas \u201cfaire assez\u201d<\/li>\n<\/ul>\n\n\n\n<p class=\"has-text-align-center has-electric-grass-gradient-background has-background\"><strong>Tu n\u2019es pas seule. Et il existe des solutions adapt\u00e9es.<\/strong><\/p>\n\n\n\n<h2 class=\"wp-block-heading has-text-align-center has-text-color has-link-color wp-elements-9e4f68fbad7d01466581e7c40adcd6eb\" style=\"color:#4a4a47\">Ce que nous faisons ensemble<\/h2>\n\n\n\n<p>\u2714 d\u00e9coder les comportements<br>\u2714 comprendre le fonctionnement TDAH<br>\u2714 apaiser les tensions \u00e0 la maison<br>\u2714 structurer le quotidien (sans rigidit\u00e9)<br>\u2714 am\u00e9liorer la communication parent-enfant<br>\u2714 mettre en place des outils concrets (routines, devoirs, \u00e9motions)<br>\u2714 accompagner les besoins scolaires : PPS, PAP, demandes d\u2019am\u00e9nagements<br>\u2714 retrouver confiance dans ta parentalit\u00e9<\/p>\n\n\n\n<h2 class=\"wp-block-heading has-text-align-center has-text-color has-link-color wp-elements-8ffdcf5b6f01fb1c17df3bb21696f18b\" style=\"color:#4a4a47\">Format des s\u00e9ances<\/h2>\n\n\n<div class=\"wp-block-image\">\n<figure class=\"alignright size-full is-resized\"><img loading=\"lazy\" decoding=\"async\" width=\"1024\" height=\"1024\" src=\"https:\/\/audreydelaforge.com\/wp-content\/uploads\/2025\/12\/ChatGPT-Image-10-dec.-2025-12_39_33.png\" alt=\"\" class=\"wp-image-1633\" style=\"width:206px;height:auto\" srcset=\"https:\/\/audreydelaforge.com\/wp-content\/uploads\/2025\/12\/ChatGPT-Image-10-dec.-2025-12_39_33.png 1024w, https:\/\/audreydelaforge.com\/wp-content\/uploads\/2025\/12\/ChatGPT-Image-10-dec.-2025-12_39_33-300x300.png 300w, https:\/\/audreydelaforge.com\/wp-content\/uploads\/2025\/12\/ChatGPT-Image-10-dec.-2025-12_39_33-150x150.png 150w\" sizes=\"auto, (max-width: 1024px) 100vw, 1024px\" \/><\/figure>\n<\/div>\n\n\n<h3 class=\"wp-block-heading\"><strong>Visio de 45 minutes<\/strong><\/h3>\n\n\n\n<p>Un temps d\u2019\u00e9coute, de d\u00e9codage et de strat\u00e9gie.<\/p>\n\n\n\n<h3 class=\"wp-block-heading\"><strong>Retour \u00e9crit personnalis\u00e9<\/strong><\/h3>\n\n\n\n<p>Pour repartir avec des rep\u00e8res clairs et des actions simples.<\/p>\n\n\n\n<div class=\"wp-block-buttons alignwide is-content-justification-center is-layout-flex wp-container-core-buttons-is-layout-16018d1d wp-block-buttons-is-layout-flex\">\n<div class=\"wp-block-button is-style-secondary\"><a class=\"wp-block-button__link has-electric-grass-gradient-background has-background has-medium-font-size has-custom-font-size wp-element-button\" href=\"https:\/\/tidycal.com\/audreycateldelaforge\/le-cocon-tdah-seances\" style=\"padding-right:var(--wp--preset--spacing--60);padding-left:var(--wp--preset--spacing--60)\">\n     Prendre rendez-vous\n  <\/a><\/div>\n<\/div>\n\n\n\n<h2 class=\"wp-block-heading has-text-align-center has-text-color has-link-color wp-elements-32c46fbaa9618323d724be9d0db1ca11\" style=\"color:#4a4a47\">Deux formules selon ton besoin<\/h2>\n\n\n\n<h3 class=\"wp-block-heading has-text-align-center has-text-color has-link-color wp-elements-baf27a35883771619e4dcee225a8a5d3\" style=\"color:#e8c8c6\"><strong>\ud83c\udf31 COCON TDAH \u2013 Standard<\/strong><\/h3>\n\n\n\n<p>Pour comprendre, apaiser et avancer.<\/p>\n\n\n\n<p>Tu repars avec :<br>\u2714 un retour \u00e9crit<br>\u2714 des conseils pratiques<br>\u2714 des strat\u00e9gies adapt\u00e9es \u00e0 ton enfant<br>\u2714 un cadre clair pour les prochaines semaines<\/p>\n\n\n\n<h3 class=\"wp-block-heading has-text-align-center has-text-color has-link-color wp-elements-cae136d50dace93050fb9a8b77f8fe03\" style=\"color:#e8c8c6\"><strong>\ud83d\udd25 COCON TDAH \u2013 SOS<\/strong><\/h3>\n\n\n\n<p>Pour les situations urgentes :<br>crises, conflits, surcharge \u00e9motionnelle, incompr\u00e9hension, \u00e9puisement.<\/p>\n\n\n\n<p>Objectifs :<br>\u2714 d\u00e9codage rapide<br>\u2714 apaisement imm\u00e9diat<br>\u2714 pistes concr\u00e8tes pour sortir de la crise<\/p>\n\n\n\n<div class=\"wp-block-buttons is-content-justification-center is-layout-flex wp-container-core-buttons-is-layout-16018d1d wp-block-buttons-is-layout-flex\">\n<div class=\"wp-block-button\"><a class=\"wp-block-button__link has-electric-grass-gradient-background has-background has-medium-font-size has-custom-font-size wp-element-button\" href=\"https:\/\/tidycal.com\/audreycateldelaforge\/le-cocon-tdah-seances\">J&rsquo;ai besoin d&rsquo;aide rapidement<\/a><\/div>\n<\/div>\n\n\n\n<h2 class=\"wp-block-heading has-text-align-center has-text-color has-link-color wp-elements-91103f11637b1f8119ad8e99f8fac57c\" style=\"color:#4a4a47\">Ce que tu re\u00e7ois apr\u00e8s la s\u00e9ance<\/h2>\n\n\n\n<p>\u2714 un retour \u00e9crit clair<br>\u2714 des strat\u00e9gies applicables d\u00e8s ce soir<br>\u2714 une compr\u00e9hension nouvelle de ton enfant<br>\u2714 une direction simple pour les jours \u00e0 venir<br>\u2714 une sensation de soutien<\/p>\n\n\n\n<h3 class=\"wp-block-heading alignfull has-text-align-center has-text-color has-link-color wp-elements-bd5c1c23e0a9529ccfabade49e195372\" style=\"color:#4a4a47\">\u2b50 FAQ \u2b50<\/h3>\n\n\n\n<p><strong>Est-ce que cet accompagnement remplace un suivi m\u00e9dical ?<\/strong><br>Non. Il compl\u00e8te le suivi par une guidance parentale sp\u00e9cialis\u00e9e.<\/p>\n\n\n\n<p><strong>Puis-je venir avec mon conjoint ?<\/strong><br>Oui, c\u2019est souvent tr\u00e8s aidant.<\/p>\n\n\n\n<p><strong>Est-ce que tu peux m\u2019aider pour le PAP \/ PPS ?<\/strong><br>Oui, si n\u00e9cessaire.<\/p>\n\n\n\n<p><strong>Est-ce qu\u2019il y a un suivi apr\u00e8s ?<\/strong><br>Selon les besoins : s\u00e9ance suppl\u00e9mentaire ou format SOS<\/p>\n\n\n\n<h2 class=\"wp-block-heading has-text-align-center\">\ud83c\udf3f <strong>Prendre rendez-vous pour Le Cocon TDAH<\/strong> \ud83c\udf3f<\/h2>\n\n\n\n<p>Un accompagnement doux, clair et profond\u00e9ment humain.<\/p>\n\n\n\n<div class=\"wp-block-buttons is-content-justification-center is-layout-flex wp-container-core-buttons-is-layout-16018d1d wp-block-buttons-is-layout-flex\">\n<div class=\"wp-block-button\"><a class=\"wp-block-button__link has-electric-grass-gradient-background has-background wp-element-button\" href=\"https:\/\/buy.stripe.com\/28E14mgHUh0n93xdh8e7m0m\">Je prends rendez-vous<\/a><\/div>\n<\/div>\n","protected":false},"excerpt":{"rendered":"<p>Guidance parentale &amp; apaisement du quotidien Un espace doux et structur\u00e9 pour comprendre ton enfant et avancer avec plus de s\u00e9r\u00e9nit\u00e9. Parce que comprendre ton enfant change tout. Pour qui ? Le Cocon TDAH s\u2019adresse aux parents : \u2714 d\u2019enfants TDAH diagnostiqu\u00e9s\u2714 d\u2019enfants suspect\u00e9s TDAH\u2714 d\u2019enfants \u00e0 besoins \u00e9ducatifs particuliers\u2714 en surcharge \u00e9motionnelle ou mentale\u2714&hellip;&nbsp;<a href=\"https:\/\/audreydelaforge.com\/index.php\/le-cocon-tdah\/\" rel=\"bookmark\">Lire la suite &raquo;<span class=\"screen-reader-text\">\ud83c\udf3f LE COCON TDAH \ud83c\udf3f<\/span><\/a><\/p>\n","protected":false},"author":1,"featured_media":1629,"parent":0,"menu_order":0,"comment_status":"closed","ping_status":"closed","template":"","meta":{"om_disable_all_campaigns":false,"neve_meta_sidebar":"right","neve_meta_container":"","neve_meta_enable_content_width":"","neve_meta_content_width":70,"neve_meta_title_alignment":"center","neve_meta_author_avatar":"","neve_post_elements_order":"","neve_meta_disable_header":"","neve_meta_disable_footer":"","neve_meta_disable_title":"","footnotes":""},"class_list":["post-1628","page","type-page","status-publish","has-post-thumbnail","hentry"],"yoast_head":"<!-- This site is optimized with the Yoast SEO plugin v27.5 - https:\/\/yoast.com\/product\/yoast-seo-wordpress\/ -->\n<title>\ud83c\udf3f LE COCON TDAH \ud83c\udf3f ~ Audrey Delaforge, Orthop\u00e9dagogue<\/title>\n<meta name=\"description\" content=\"Le Cocon TDAH : un accompagnement parental doux et structur\u00e9 pour comprendre le TDAH, apaiser le quotidien et trouver des strat\u00e9gies adapt\u00e9es en famille.\" \/>\n<meta name=\"robots\" content=\"index, follow, max-snippet:-1, max-image-preview:large, max-video-preview:-1\" \/>\n<link rel=\"canonical\" href=\"https:\/\/audreydelaforge.com\/index.php\/le-cocon-tdah\/\" \/>\n<meta property=\"og:locale\" content=\"fr_FR\" \/>\n<meta property=\"og:type\" content=\"article\" \/>\n<meta property=\"og:title\" content=\"\ud83c\udf3f LE COCON TDAH \ud83c\udf3f ~ Audrey Delaforge, Orthop\u00e9dagogue\" \/>\n<meta property=\"og:description\" content=\"Le Cocon TDAH : un accompagnement parental doux et structur\u00e9 pour comprendre le TDAH, apaiser le quotidien et trouver des strat\u00e9gies adapt\u00e9es en famille.\" \/>\n<meta property=\"og:url\" content=\"https:\/\/audreydelaforge.com\/index.php\/le-cocon-tdah\/\" \/>\n<meta property=\"og:site_name\" content=\"Audrey Delaforge, Orthop\u00e9dagogue\" \/>\n<meta property=\"article:publisher\" content=\"https:\/\/www.facebook.com\/audreycateldelaforge\" \/>\n<meta property=\"article:modified_time\" content=\"2025-12-10T18:29:26+00:00\" \/>\n<meta property=\"og:image\" content=\"https:\/\/audreydelaforge.com\/wp-content\/uploads\/2025\/12\/ChatGPT-Image-10-dec.-2025-09_18_09.png\" \/>\n\t<meta property=\"og:image:width\" content=\"1024\" \/>\n\t<meta property=\"og:image:height\" content=\"1024\" \/>\n\t<meta property=\"og:image:type\" content=\"image\/png\" \/>\n<meta name=\"twitter:card\" content=\"summary_large_image\" \/>\n<meta name=\"twitter:label1\" content=\"Dur\u00e9e de lecture estim\u00e9e\" \/>\n\t<meta name=\"twitter:data1\" content=\"2 minutes\" \/>\n<script type=\"application\/ld+json\" class=\"yoast-schema-graph\">{\"@context\":\"https:\\\/\\\/schema.org\",\"@graph\":[{\"@type\":\"WebPage\",\"@id\":\"https:\\\/\\\/audreydelaforge.com\\\/index.php\\\/le-cocon-tdah\\\/\",\"url\":\"https:\\\/\\\/audreydelaforge.com\\\/index.php\\\/le-cocon-tdah\\\/\",\"name\":\"\ud83c\udf3f LE COCON TDAH \ud83c\udf3f ~ Audrey Delaforge, Orthop\u00e9dagogue\",\"isPartOf\":{\"@id\":\"https:\\\/\\\/audreydelaforge.com\\\/#website\"},\"primaryImageOfPage\":{\"@id\":\"https:\\\/\\\/audreydelaforge.com\\\/index.php\\\/le-cocon-tdah\\\/#primaryimage\"},\"image\":{\"@id\":\"https:\\\/\\\/audreydelaforge.com\\\/index.php\\\/le-cocon-tdah\\\/#primaryimage\"},\"thumbnailUrl\":\"https:\\\/\\\/audreydelaforge.com\\\/wp-content\\\/uploads\\\/2025\\\/12\\\/ChatGPT-Image-10-dec.-2025-09_18_09.png\",\"datePublished\":\"2025-12-10T11:47:38+00:00\",\"dateModified\":\"2025-12-10T18:29:26+00:00\",\"description\":\"Le Cocon TDAH : un accompagnement parental doux et structur\u00e9 pour comprendre le TDAH, apaiser le quotidien et trouver des strat\u00e9gies adapt\u00e9es en famille.\",\"breadcrumb\":{\"@id\":\"https:\\\/\\\/audreydelaforge.com\\\/index.php\\\/le-cocon-tdah\\\/#breadcrumb\"},\"inLanguage\":\"fr-FR\",\"potentialAction\":[{\"@type\":\"ReadAction\",\"target\":[\"https:\\\/\\\/audreydelaforge.com\\\/index.php\\\/le-cocon-tdah\\\/\"]}]},{\"@type\":\"ImageObject\",\"inLanguage\":\"fr-FR\",\"@id\":\"https:\\\/\\\/audreydelaforge.com\\\/index.php\\\/le-cocon-tdah\\\/#primaryimage\",\"url\":\"https:\\\/\\\/audreydelaforge.com\\\/wp-content\\\/uploads\\\/2025\\\/12\\\/ChatGPT-Image-10-dec.-2025-09_18_09.png\",\"contentUrl\":\"https:\\\/\\\/audreydelaforge.com\\\/wp-content\\\/uploads\\\/2025\\\/12\\\/ChatGPT-Image-10-dec.-2025-09_18_09.png\",\"width\":1024,\"height\":1024},{\"@type\":\"BreadcrumbList\",\"@id\":\"https:\\\/\\\/audreydelaforge.com\\\/index.php\\\/le-cocon-tdah\\\/#breadcrumb\",\"itemListElement\":[{\"@type\":\"ListItem\",\"position\":1,\"name\":\"Accueil\",\"item\":\"https:\\\/\\\/audreydelaforge.com\\\/\"},{\"@type\":\"ListItem\",\"position\":2,\"name\":\"\ud83c\udf3f LE COCON TDAH \ud83c\udf3f\"}]},{\"@type\":\"WebSite\",\"@id\":\"https:\\\/\\\/audreydelaforge.com\\\/#website\",\"url\":\"https:\\\/\\\/audreydelaforge.com\\\/\",\"name\":\"Audrey Delaforge, Orthop\u00e9dagogue\",\"description\":\"L&#039;apprenant au centre du savoir\",\"publisher\":{\"@id\":\"https:\\\/\\\/audreydelaforge.com\\\/#organization\"},\"potentialAction\":[{\"@type\":\"SearchAction\",\"target\":{\"@type\":\"EntryPoint\",\"urlTemplate\":\"https:\\\/\\\/audreydelaforge.com\\\/?s={search_term_string}\"},\"query-input\":{\"@type\":\"PropertyValueSpecification\",\"valueRequired\":true,\"valueName\":\"search_term_string\"}}],\"inLanguage\":\"fr-FR\"},{\"@type\":\"Organization\",\"@id\":\"https:\\\/\\\/audreydelaforge.com\\\/#organization\",\"name\":\"Audrey Delaforge, Orthop\u00e9dagogue\",\"url\":\"https:\\\/\\\/audreydelaforge.com\\\/\",\"logo\":{\"@type\":\"ImageObject\",\"inLanguage\":\"fr-FR\",\"@id\":\"https:\\\/\\\/audreydelaforge.com\\\/#\\\/schema\\\/logo\\\/image\\\/\",\"url\":\"https:\\\/\\\/audreydelaforge.com\\\/wp-content\\\/uploads\\\/2022\\\/06\\\/Logo-orange-noir-avec-Audrey-1.png\",\"contentUrl\":\"https:\\\/\\\/audreydelaforge.com\\\/wp-content\\\/uploads\\\/2022\\\/06\\\/Logo-orange-noir-avec-Audrey-1.png\",\"width\":500,\"height\":500,\"caption\":\"Audrey Delaforge, Orthop\u00e9dagogue\"},\"image\":{\"@id\":\"https:\\\/\\\/audreydelaforge.com\\\/#\\\/schema\\\/logo\\\/image\\\/\"},\"sameAs\":[\"https:\\\/\\\/www.facebook.com\\\/audreycateldelaforge\",\"https:\\\/\\\/www.linkedin.com\\\/in\\\/audrey-catel-delaforge\",\"https:\\\/\\\/www.instagram.com\\\/audrey_delaforge\\\/\"]}]}<\/script>\n<!-- \/ Yoast SEO plugin. -->","yoast_head_json":{"title":"\ud83c\udf3f LE COCON TDAH \ud83c\udf3f ~ Audrey Delaforge, Orthop\u00e9dagogue","description":"Le Cocon TDAH : un accompagnement parental doux et structur\u00e9 pour comprendre le TDAH, apaiser le quotidien et trouver des strat\u00e9gies adapt\u00e9es en famille.","robots":{"index":"index","follow":"follow","max-snippet":"max-snippet:-1","max-image-preview":"max-image-preview:large","max-video-preview":"max-video-preview:-1"},"canonical":"https:\/\/audreydelaforge.com\/index.php\/le-cocon-tdah\/","og_locale":"fr_FR","og_type":"article","og_title":"\ud83c\udf3f LE COCON TDAH \ud83c\udf3f ~ Audrey Delaforge, Orthop\u00e9dagogue","og_description":"Le Cocon TDAH : un accompagnement parental doux et structur\u00e9 pour comprendre le TDAH, apaiser le quotidien et trouver des strat\u00e9gies adapt\u00e9es en famille.","og_url":"https:\/\/audreydelaforge.com\/index.php\/le-cocon-tdah\/","og_site_name":"Audrey Delaforge, Orthop\u00e9dagogue","article_publisher":"https:\/\/www.facebook.com\/audreycateldelaforge","article_modified_time":"2025-12-10T18:29:26+00:00","og_image":[{"width":1024,"height":1024,"url":"https:\/\/audreydelaforge.com\/wp-content\/uploads\/2025\/12\/ChatGPT-Image-10-dec.-2025-09_18_09.png","type":"image\/png"}],"twitter_card":"summary_large_image","twitter_misc":{"Dur\u00e9e de lecture estim\u00e9e":"2 minutes"},"schema":{"@context":"https:\/\/schema.org","@graph":[{"@type":"WebPage","@id":"https:\/\/audreydelaforge.com\/index.php\/le-cocon-tdah\/","url":"https:\/\/audreydelaforge.com\/index.php\/le-cocon-tdah\/","name":"\ud83c\udf3f LE COCON TDAH \ud83c\udf3f ~ Audrey Delaforge, Orthop\u00e9dagogue","isPartOf":{"@id":"https:\/\/audreydelaforge.com\/#website"},"primaryImageOfPage":{"@id":"https:\/\/audreydelaforge.com\/index.php\/le-cocon-tdah\/#primaryimage"},"image":{"@id":"https:\/\/audreydelaforge.com\/index.php\/le-cocon-tdah\/#primaryimage"},"thumbnailUrl":"https:\/\/audreydelaforge.com\/wp-content\/uploads\/2025\/12\/ChatGPT-Image-10-dec.-2025-09_18_09.png","datePublished":"2025-12-10T11:47:38+00:00","dateModified":"2025-12-10T18:29:26+00:00","description":"Le Cocon TDAH : un accompagnement parental doux et structur\u00e9 pour comprendre le TDAH, apaiser le quotidien et trouver des strat\u00e9gies adapt\u00e9es en famille.","breadcrumb":{"@id":"https:\/\/audreydelaforge.com\/index.php\/le-cocon-tdah\/#breadcrumb"},"inLanguage":"fr-FR","potentialAction":[{"@type":"ReadAction","target":["https:\/\/audreydelaforge.com\/index.php\/le-cocon-tdah\/"]}]},{"@type":"ImageObject","inLanguage":"fr-FR","@id":"https:\/\/audreydelaforge.com\/index.php\/le-cocon-tdah\/#primaryimage","url":"https:\/\/audreydelaforge.com\/wp-content\/uploads\/2025\/12\/ChatGPT-Image-10-dec.-2025-09_18_09.png","contentUrl":"https:\/\/audreydelaforge.com\/wp-content\/uploads\/2025\/12\/ChatGPT-Image-10-dec.-2025-09_18_09.png","width":1024,"height":1024},{"@type":"BreadcrumbList","@id":"https:\/\/audreydelaforge.com\/index.php\/le-cocon-tdah\/#breadcrumb","itemListElement":[{"@type":"ListItem","position":1,"name":"Accueil","item":"https:\/\/audreydelaforge.com\/"},{"@type":"ListItem","position":2,"name":"\ud83c\udf3f LE COCON TDAH \ud83c\udf3f"}]},{"@type":"WebSite","@id":"https:\/\/audreydelaforge.com\/#website","url":"https:\/\/audreydelaforge.com\/","name":"Audrey Delaforge, Orthop\u00e9dagogue","description":"L&#039;apprenant au centre du savoir","publisher":{"@id":"https:\/\/audreydelaforge.com\/#organization"},"potentialAction":[{"@type":"SearchAction","target":{"@type":"EntryPoint","urlTemplate":"https:\/\/audreydelaforge.com\/?s={search_term_string}"},"query-input":{"@type":"PropertyValueSpecification","valueRequired":true,"valueName":"search_term_string"}}],"inLanguage":"fr-FR"},{"@type":"Organization","@id":"https:\/\/audreydelaforge.com\/#organization","name":"Audrey Delaforge, Orthop\u00e9dagogue","url":"https:\/\/audreydelaforge.com\/","logo":{"@type":"ImageObject","inLanguage":"fr-FR","@id":"https:\/\/audreydelaforge.com\/#\/schema\/logo\/image\/","url":"https:\/\/audreydelaforge.com\/wp-content\/uploads\/2022\/06\/Logo-orange-noir-avec-Audrey-1.png","contentUrl":"https:\/\/audreydelaforge.com\/wp-content\/uploads\/2022\/06\/Logo-orange-noir-avec-Audrey-1.png","width":500,"height":500,"caption":"Audrey Delaforge, Orthop\u00e9dagogue"},"image":{"@id":"https:\/\/audreydelaforge.com\/#\/schema\/logo\/image\/"},"sameAs":["https:\/\/www.facebook.com\/audreycateldelaforge","https:\/\/www.linkedin.com\/in\/audrey-catel-delaforge","https:\/\/www.instagram.com\/audrey_delaforge\/"]}]}},"_links":{"self":[{"href":"https:\/\/audreydelaforge.com\/index.php\/wp-json\/wp\/v2\/pages\/1628","targetHints":{"allow":["GET"]}}],"collection":[{"href":"https:\/\/audreydelaforge.com\/index.php\/wp-json\/wp\/v2\/pages"}],"about":[{"href":"https:\/\/audreydelaforge.com\/index.php\/wp-json\/wp\/v2\/types\/page"}],"author":[{"embeddable":true,"href":"https:\/\/audreydelaforge.com\/index.php\/wp-json\/wp\/v2\/users\/1"}],"replies":[{"embeddable":true,"href":"https:\/\/audreydelaforge.com\/index.php\/wp-json\/wp\/v2\/comments?post=1628"}],"version-history":[{"count":0,"href":"https:\/\/audreydelaforge.com\/index.php\/wp-json\/wp\/v2\/pages\/1628\/revisions"}],"wp:featuredmedia":[{"embeddable":true,"href":"https:\/\/audreydelaforge.com\/index.php\/wp-json\/wp\/v2\/media\/1629"}],"wp:attachment":[{"href":"https:\/\/audreydelaforge.com\/index.php\/wp-json\/wp\/v2\/media?parent=1628"}],"curies":[{"name":"wp","href":"https:\/\/api.w.org\/{rel}","templated":true}]}}