{"id":820,"date":"2023-02-21T13:24:22","date_gmt":"2023-02-21T13:24:22","guid":{"rendered":"https:\/\/audreydelaforge.com\/?page_id=820"},"modified":"2023-05-05T10:18:20","modified_gmt":"2023-05-05T10:18:20","slug":"conditions-generales-de-vente","status":"publish","type":"page","link":"https:\/\/audreydelaforge.com\/index.php\/conditions-generales-de-vente\/","title":{"rendered":"Conditions G\u00e9n\u00e9rales de Vente"},"content":{"rendered":"\n<h2 class=\"wp-block-heading\">Champ d\u2019application<\/h2>\n\n\n\n<p><br>Les pr\u00e9sentes conditions g\u00e9n\u00e9rales de vente s\u2019appliquent \u00e0 toutes les transactions conclues par le biais de audreydelaforge.com.<br>Est consid\u00e9r\u00e9e comme \u00ab client \u00bb toute personne physique ou morale r\u00e9alisant aupr\u00e8s de la soci\u00e9t\u00e9&nbsp;<em>Audrey Delaforge EI<\/em>&nbsp;une commande valid\u00e9e via notre plateforme de paiement s\u00e9curis\u00e9e.<\/p>\n\n\n\n<h2 class=\"wp-block-heading\">Commande<\/h2>\n\n\n\n<p><br>Toute commande pass\u00e9e sur un site de la soci\u00e9t\u00e9&nbsp;<em><em>Audrey Delaforge EI<\/em><\/em>&nbsp;implique l\u2019acceptation int\u00e9grale et sans r\u00e9serve des pr\u00e9sentes conditions g\u00e9n\u00e9rales de vente.<\/p>\n\n\n\n<h2 class=\"wp-block-heading\">Prix<\/h2>\n\n\n\n<p><br>Les prix sont indiqu\u00e9s en euros.<br>Le prix des articles peut \u00eatre modifi\u00e9 \u00e0 tout moment. Toutefois, le tarif appliqu\u00e9 \u00e0 une commande sera celui annonc\u00e9 au moment de la commande.<\/p>\n\n\n\n<h2 class=\"wp-block-heading\">Paiement<\/h2>\n\n\n\n<p><br>Le paiement est exigible imm\u00e9diatement \u00e0 la date de la commande. Vous pouvez effectuer le r\u00e8glement par tous les moyens indiqu\u00e9s sur la page de commande.<br>Les informations transmises sont crypt\u00e9es par un logiciel \u00e0 l\u2019\u00e9tat de l\u2019art, et ne peuvent \u00eatre lues au cours du transport sur le r\u00e9seau. Toute garantie quant \u00e0 la s\u00e9curit\u00e9 de ce syst\u00e8me est enti\u00e8rement de la responsabilit\u00e9 de la banque et ne saurait nous \u00eatre imput\u00e9e.<br>Le paiement des formations et programmes se fait gr\u00e2ce aux leaders mondiaux du paiement en ligne Stripe. Les r\u00e8glements sont s\u00e9curis\u00e9s et en cas de questions vous pouvez nous&nbsp;contacter directement par email dans le section contact.<\/p>\n\n\n\n<h2 class=\"wp-block-heading\">Politique de Remboursement<\/h2>\n\n\n\n<p>La r\u00e9glementation exclut le d\u00e9lai de r\u00e9tractation l\u00e9gal lors de la \u201cfourniture d\u2019enregistrements audio ou vid\u00e9o, ou de logiciels informatiques lorsqu\u2019ils ont \u00e9t\u00e9 descell\u00e9s par le consommateur\u201d. Le d\u00e9lai de r\u00e9tractation l\u00e9gal est donc nul \u00e0 partir du moment o\u00f9 le produit command\u00e9 est t\u00e9l\u00e9charg\u00e9 et\/ou accessible.<br>Source : Article\u00a0L121-20-2 du code de la consommation.<\/p>\n\n\n\n<h2 class=\"wp-block-heading\">Pr\u00e9sentation<\/h2>\n\n\n\n<p><br>Les photos de nos produits \u00e9lectroniques sont des \u00ab&nbsp;suggestions de pr\u00e9sentation&nbsp;\u00bb, c\u2019est \u00e0 dire que les images ne correspondent pas toujours exactement au produit que vous recevrez au final, o\u00f9 les visuels ne sont pas toujours d\u00e9finitifs.<\/p>\n","protected":false},"excerpt":{"rendered":"<p>Champ d\u2019application Les pr\u00e9sentes conditions g\u00e9n\u00e9rales de vente s\u2019appliquent \u00e0 toutes les transactions conclues par le biais de audreydelaforge.com.Est consid\u00e9r\u00e9e comme \u00ab client \u00bb toute personne physique ou morale r\u00e9alisant aupr\u00e8s de la soci\u00e9t\u00e9&nbsp;Audrey Delaforge EI&nbsp;une commande valid\u00e9e via notre plateforme de paiement s\u00e9curis\u00e9e. Commande Toute commande pass\u00e9e sur un site de la soci\u00e9t\u00e9&nbsp;Audrey Delaforge&hellip;&nbsp;<a href=\"https:\/\/audreydelaforge.com\/index.php\/conditions-generales-de-vente\/\" rel=\"bookmark\">Lire la suite &raquo;<span class=\"screen-reader-text\">Conditions G\u00e9n\u00e9rales de Vente<\/span><\/a><\/p>\n","protected":false},"author":2,"featured_media":0,"parent":0,"menu_order":0,"comment_status":"closed","ping_status":"closed","template":"","meta":{"om_disable_all_campaigns":false,"neve_meta_sidebar":"","neve_meta_container":"","neve_meta_enable_content_width":"","neve_meta_content_width":0,"neve_meta_title_alignment":"","neve_meta_author_avatar":"","neve_post_elements_order":"","neve_meta_disable_header":"","neve_meta_disable_footer":"","neve_meta_disable_title":"","footnotes":""},"class_list":["post-820","page","type-page","status-publish","hentry"],"yoast_head":"<!-- This site is optimized with the Yoast SEO plugin v27.5 - https:\/\/yoast.com\/product\/yoast-seo-wordpress\/ -->\n<title>Conditions G\u00e9n\u00e9rales de Vente ~ Audrey Delaforge, Orthop\u00e9dagogue<\/title>\n<meta name=\"robots\" content=\"noindex, nofollow\" \/>\n<meta property=\"og:locale\" content=\"fr_FR\" \/>\n<meta property=\"og:type\" content=\"article\" \/>\n<meta property=\"og:title\" content=\"Conditions G\u00e9n\u00e9rales de Vente ~ Audrey Delaforge, Orthop\u00e9dagogue\" \/>\n<meta property=\"og:description\" content=\"Champ d\u2019application Les pr\u00e9sentes conditions g\u00e9n\u00e9rales de vente s\u2019appliquent \u00e0 toutes les transactions conclues par le biais de audreydelaforge.com.Est consid\u00e9r\u00e9e comme \u00ab client \u00bb toute personne physique ou morale r\u00e9alisant aupr\u00e8s de la soci\u00e9t\u00e9&nbsp;Audrey Delaforge EI&nbsp;une commande valid\u00e9e via notre plateforme de paiement s\u00e9curis\u00e9e. Commande Toute commande pass\u00e9e sur un site de la soci\u00e9t\u00e9&nbsp;Audrey Delaforge&hellip;&nbsp;Lire la suite &raquo;Conditions G\u00e9n\u00e9rales de Vente\" \/>\n<meta property=\"og:url\" content=\"https:\/\/audreydelaforge.com\/index.php\/conditions-generales-de-vente\/\" \/>\n<meta property=\"og:site_name\" content=\"Audrey Delaforge, Orthop\u00e9dagogue\" \/>\n<meta property=\"article:publisher\" content=\"https:\/\/www.facebook.com\/audreycateldelaforge\" \/>\n<meta property=\"article:modified_time\" content=\"2023-05-05T10:18:20+00:00\" \/>\n<meta name=\"twitter:card\" content=\"summary_large_image\" \/>\n<meta name=\"twitter:label1\" content=\"Dur\u00e9e de lecture estim\u00e9e\" \/>\n\t<meta name=\"twitter:data1\" content=\"2 minutes\" \/>\n<script type=\"application\/ld+json\" class=\"yoast-schema-graph\">{\"@context\":\"https:\\\/\\\/schema.org\",\"@graph\":[{\"@type\":\"WebPage\",\"@id\":\"https:\\\/\\\/audreydelaforge.com\\\/index.php\\\/conditions-generales-de-vente\\\/\",\"url\":\"https:\\\/\\\/audreydelaforge.com\\\/index.php\\\/conditions-generales-de-vente\\\/\",\"name\":\"Conditions G\u00e9n\u00e9rales de Vente ~ Audrey Delaforge, Orthop\u00e9dagogue\",\"isPartOf\":{\"@id\":\"https:\\\/\\\/audreydelaforge.com\\\/#website\"},\"datePublished\":\"2023-02-21T13:24:22+00:00\",\"dateModified\":\"2023-05-05T10:18:20+00:00\",\"breadcrumb\":{\"@id\":\"https:\\\/\\\/audreydelaforge.com\\\/index.php\\\/conditions-generales-de-vente\\\/#breadcrumb\"},\"inLanguage\":\"fr-FR\",\"potentialAction\":[{\"@type\":\"ReadAction\",\"target\":[\"https:\\\/\\\/audreydelaforge.com\\\/index.php\\\/conditions-generales-de-vente\\\/\"]}]},{\"@type\":\"BreadcrumbList\",\"@id\":\"https:\\\/\\\/audreydelaforge.com\\\/index.php\\\/conditions-generales-de-vente\\\/#breadcrumb\",\"itemListElement\":[{\"@type\":\"ListItem\",\"position\":1,\"name\":\"Accueil\",\"item\":\"https:\\\/\\\/audreydelaforge.com\\\/\"},{\"@type\":\"ListItem\",\"position\":2,\"name\":\"Conditions G\u00e9n\u00e9rales de Vente\"}]},{\"@type\":\"WebSite\",\"@id\":\"https:\\\/\\\/audreydelaforge.com\\\/#website\",\"url\":\"https:\\\/\\\/audreydelaforge.com\\\/\",\"name\":\"Audrey Delaforge, Orthop\u00e9dagogue\",\"description\":\"L&#039;apprenant au centre du savoir\",\"publisher\":{\"@id\":\"https:\\\/\\\/audreydelaforge.com\\\/#organization\"},\"potentialAction\":[{\"@type\":\"SearchAction\",\"target\":{\"@type\":\"EntryPoint\",\"urlTemplate\":\"https:\\\/\\\/audreydelaforge.com\\\/?s={search_term_string}\"},\"query-input\":{\"@type\":\"PropertyValueSpecification\",\"valueRequired\":true,\"valueName\":\"search_term_string\"}}],\"inLanguage\":\"fr-FR\"},{\"@type\":\"Organization\",\"@id\":\"https:\\\/\\\/audreydelaforge.com\\\/#organization\",\"name\":\"Audrey Delaforge, Orthop\u00e9dagogue\",\"url\":\"https:\\\/\\\/audreydelaforge.com\\\/\",\"logo\":{\"@type\":\"ImageObject\",\"inLanguage\":\"fr-FR\",\"@id\":\"https:\\\/\\\/audreydelaforge.com\\\/#\\\/schema\\\/logo\\\/image\\\/\",\"url\":\"https:\\\/\\\/audreydelaforge.com\\\/wp-content\\\/uploads\\\/2022\\\/06\\\/Logo-orange-noir-avec-Audrey-1.png\",\"contentUrl\":\"https:\\\/\\\/audreydelaforge.com\\\/wp-content\\\/uploads\\\/2022\\\/06\\\/Logo-orange-noir-avec-Audrey-1.png\",\"width\":500,\"height\":500,\"caption\":\"Audrey Delaforge, Orthop\u00e9dagogue\"},\"image\":{\"@id\":\"https:\\\/\\\/audreydelaforge.com\\\/#\\\/schema\\\/logo\\\/image\\\/\"},\"sameAs\":[\"https:\\\/\\\/www.facebook.com\\\/audreycateldelaforge\",\"https:\\\/\\\/www.linkedin.com\\\/in\\\/audrey-catel-delaforge\",\"https:\\\/\\\/www.instagram.com\\\/audrey_delaforge\\\/\"]}]}<\/script>\n<!-- \/ Yoast SEO plugin. -->","yoast_head_json":{"title":"Conditions G\u00e9n\u00e9rales de Vente ~ Audrey Delaforge, Orthop\u00e9dagogue","robots":{"index":"noindex","follow":"nofollow"},"og_locale":"fr_FR","og_type":"article","og_title":"Conditions G\u00e9n\u00e9rales de Vente ~ Audrey Delaforge, Orthop\u00e9dagogue","og_description":"Champ d\u2019application Les pr\u00e9sentes conditions g\u00e9n\u00e9rales de vente s\u2019appliquent \u00e0 toutes les transactions conclues par le biais de audreydelaforge.com.Est consid\u00e9r\u00e9e comme \u00ab client \u00bb toute personne physique ou morale r\u00e9alisant aupr\u00e8s de la soci\u00e9t\u00e9&nbsp;Audrey Delaforge EI&nbsp;une commande valid\u00e9e via notre plateforme de paiement s\u00e9curis\u00e9e. Commande Toute commande pass\u00e9e sur un site de la soci\u00e9t\u00e9&nbsp;Audrey Delaforge&hellip;&nbsp;Lire la suite &raquo;Conditions G\u00e9n\u00e9rales de Vente","og_url":"https:\/\/audreydelaforge.com\/index.php\/conditions-generales-de-vente\/","og_site_name":"Audrey Delaforge, Orthop\u00e9dagogue","article_publisher":"https:\/\/www.facebook.com\/audreycateldelaforge","article_modified_time":"2023-05-05T10:18:20+00:00","twitter_card":"summary_large_image","twitter_misc":{"Dur\u00e9e de lecture estim\u00e9e":"2 minutes"},"schema":{"@context":"https:\/\/schema.org","@graph":[{"@type":"WebPage","@id":"https:\/\/audreydelaforge.com\/index.php\/conditions-generales-de-vente\/","url":"https:\/\/audreydelaforge.com\/index.php\/conditions-generales-de-vente\/","name":"Conditions G\u00e9n\u00e9rales de Vente ~ Audrey Delaforge, Orthop\u00e9dagogue","isPartOf":{"@id":"https:\/\/audreydelaforge.com\/#website"},"datePublished":"2023-02-21T13:24:22+00:00","dateModified":"2023-05-05T10:18:20+00:00","breadcrumb":{"@id":"https:\/\/audreydelaforge.com\/index.php\/conditions-generales-de-vente\/#breadcrumb"},"inLanguage":"fr-FR","potentialAction":[{"@type":"ReadAction","target":["https:\/\/audreydelaforge.com\/index.php\/conditions-generales-de-vente\/"]}]},{"@type":"BreadcrumbList","@id":"https:\/\/audreydelaforge.com\/index.php\/conditions-generales-de-vente\/#breadcrumb","itemListElement":[{"@type":"ListItem","position":1,"name":"Accueil","item":"https:\/\/audreydelaforge.com\/"},{"@type":"ListItem","position":2,"name":"Conditions G\u00e9n\u00e9rales de Vente"}]},{"@type":"WebSite","@id":"https:\/\/audreydelaforge.com\/#website","url":"https:\/\/audreydelaforge.com\/","name":"Audrey Delaforge, Orthop\u00e9dagogue","description":"L&#039;apprenant au centre du savoir","publisher":{"@id":"https:\/\/audreydelaforge.com\/#organization"},"potentialAction":[{"@type":"SearchAction","target":{"@type":"EntryPoint","urlTemplate":"https:\/\/audreydelaforge.com\/?s={search_term_string}"},"query-input":{"@type":"PropertyValueSpecification","valueRequired":true,"valueName":"search_term_string"}}],"inLanguage":"fr-FR"},{"@type":"Organization","@id":"https:\/\/audreydelaforge.com\/#organization","name":"Audrey Delaforge, Orthop\u00e9dagogue","url":"https:\/\/audreydelaforge.com\/","logo":{"@type":"ImageObject","inLanguage":"fr-FR","@id":"https:\/\/audreydelaforge.com\/#\/schema\/logo\/image\/","url":"https:\/\/audreydelaforge.com\/wp-content\/uploads\/2022\/06\/Logo-orange-noir-avec-Audrey-1.png","contentUrl":"https:\/\/audreydelaforge.com\/wp-content\/uploads\/2022\/06\/Logo-orange-noir-avec-Audrey-1.png","width":500,"height":500,"caption":"Audrey Delaforge, Orthop\u00e9dagogue"},"image":{"@id":"https:\/\/audreydelaforge.com\/#\/schema\/logo\/image\/"},"sameAs":["https:\/\/www.facebook.com\/audreycateldelaforge","https:\/\/www.linkedin.com\/in\/audrey-catel-delaforge","https:\/\/www.instagram.com\/audrey_delaforge\/"]}]}},"_links":{"self":[{"href":"https:\/\/audreydelaforge.com\/index.php\/wp-json\/wp\/v2\/pages\/820","targetHints":{"allow":["GET"]}}],"collection":[{"href":"https:\/\/audreydelaforge.com\/index.php\/wp-json\/wp\/v2\/pages"}],"about":[{"href":"https:\/\/audreydelaforge.com\/index.php\/wp-json\/wp\/v2\/types\/page"}],"author":[{"embeddable":true,"href":"https:\/\/audreydelaforge.com\/index.php\/wp-json\/wp\/v2\/users\/2"}],"replies":[{"embeddable":true,"href":"https:\/\/audreydelaforge.com\/index.php\/wp-json\/wp\/v2\/comments?post=820"}],"version-history":[{"count":0,"href":"https:\/\/audreydelaforge.com\/index.php\/wp-json\/wp\/v2\/pages\/820\/revisions"}],"wp:attachment":[{"href":"https:\/\/audreydelaforge.com\/index.php\/wp-json\/wp\/v2\/media?parent=820"}],"curies":[{"name":"wp","href":"https:\/\/api.w.org\/{rel}","templated":true}]}}