{"id":1405,"date":"2025-05-27T04:37:09","date_gmt":"2025-05-27T04:37:09","guid":{"rendered":"https:\/\/audreydelaforge.com\/?post_type=product&#038;p=1405"},"modified":"2025-05-27T04:37:09","modified_gmt":"2025-05-27T04:37:09","slug":"comprendre-le-tdah-tome-1","status":"publish","type":"product","link":"https:\/\/audreydelaforge.com\/index.php\/produit\/comprendre-le-tdah-tome-1\/","title":{"rendered":"Comprendre le TDAH Tome 1"},"content":{"rendered":"<p data-start=\"231\" data-end=\"306\"><strong data-start=\"231\" data-end=\"306\">\ud83d\udcd8 Comprendre le TDAH \u2013 Tome 1 : Poser les bases pour mieux accompagner<\/strong><\/p>\n<p data-start=\"308\" data-end=\"550\">\ud83d\udd0d <em data-start=\"311\" data-end=\"550\">Vous travaillez avec des enfants ou des adolescents qui peinent \u00e0 se concentrer, bougent sans cesse ou semblent toujours \u00ab dans la lune \u00bb ? Vous \u00eates parent, enseignant, AESH ou professionnel de l\u2019\u00e9ducation ? Ce livre est fait pour vous.<\/em><\/p>\n<p data-start=\"552\" data-end=\"741\"><strong data-start=\"552\" data-end=\"632\">Un guide clair, accessible et fond\u00e9 scientifiquement pour comprendre le TDAH<\/strong> (trouble du d\u00e9ficit de l\u2019attention avec ou sans hyperactivit\u00e9), au-del\u00e0 des id\u00e9es re\u00e7ues et des st\u00e9r\u00e9otypes.<\/p>\n<p data-start=\"743\" data-end=\"891\">\ud83d\udc69\u200d\ud83c\udfeb \u00c9crit par Audrey Delaforge, orthop\u00e9dagogue et enseignante sp\u00e9cialis\u00e9e depuis plus de 20 ans, ce premier tome vous donne toutes les cl\u00e9s pour\u202f:<\/p>\n<ul data-start=\"892\" data-end=\"1230\">\n<li data-start=\"892\" data-end=\"963\">\n<p data-start=\"894\" data-end=\"963\">Comprendre ce qu\u2019est r\u00e9ellement le TDAH, dans ses diff\u00e9rentes formes,<\/p>\n<\/li>\n<li data-start=\"964\" data-end=\"1040\">\n<p data-start=\"966\" data-end=\"1040\">Identifier les sympt\u00f4mes d\u00e8s l\u2019enfance, \u00e0 l\u2019adolescence et \u00e0 l\u2019\u00e2ge adulte,<\/p>\n<\/li>\n<li data-start=\"1041\" data-end=\"1094\">\n<p data-start=\"1043\" data-end=\"1094\">D\u00e9construire 10 id\u00e9es re\u00e7ues encore trop r\u00e9pandues,<\/p>\n<\/li>\n<li data-start=\"1095\" data-end=\"1161\">\n<p data-start=\"1097\" data-end=\"1161\">Valoriser les forces souvent m\u00e9connues des personnes concern\u00e9es,<\/p>\n<\/li>\n<li data-start=\"1162\" data-end=\"1230\">\n<p data-start=\"1164\" data-end=\"1230\">Entamer un accompagnement bienveillant, efficace et individualis\u00e9.<\/p>\n<\/li>\n<\/ul>\n<p data-start=\"1232\" data-end=\"1262\">\ud83d\udca1 <strong data-start=\"1235\" data-end=\"1262\">Un ouvrage pens\u00e9 pour :<\/strong><\/p>\n<ul data-start=\"1263\" data-end=\"1553\">\n<li data-start=\"1263\" data-end=\"1348\">\n<p data-start=\"1265\" data-end=\"1348\">les <strong data-start=\"1269\" data-end=\"1284\">enseignants<\/strong> de tous niveaux qui veulent mieux g\u00e9rer la diversit\u00e9 en classe,<\/p>\n<\/li>\n<li data-start=\"1349\" data-end=\"1427\">\n<p data-start=\"1351\" data-end=\"1427\">les <strong data-start=\"1355\" data-end=\"1366\">parents<\/strong> \u00e0 la recherche d\u2019une meilleure compr\u00e9hension de leur enfant,<\/p>\n<\/li>\n<li data-start=\"1428\" data-end=\"1484\">\n<p data-start=\"1430\" data-end=\"1484\">les <strong data-start=\"1434\" data-end=\"1456\">AESH et \u00e9ducateurs<\/strong> en qu\u00eate d\u2019outils concrets,<\/p>\n<\/li>\n<li data-start=\"1485\" data-end=\"1553\">\n<p data-start=\"1487\" data-end=\"1553\">les <strong data-start=\"1491\" data-end=\"1507\">adultes TDAH<\/strong> ou en questionnement sur leur fonctionnement.<\/p>\n<\/li>\n<\/ul>\n<p data-start=\"1555\" data-end=\"1581\">\ud83c\udfaf <strong data-start=\"1558\" data-end=\"1581\">Les plus du livre :<\/strong><\/p>\n<ul data-start=\"1582\" data-end=\"1772\">\n<li data-start=\"1582\" data-end=\"1633\">\n<p data-start=\"1584\" data-end=\"1633\">Des explications accessibles sans jargon m\u00e9dical,<\/p>\n<\/li>\n<li data-start=\"1634\" data-end=\"1675\">\n<p data-start=\"1636\" data-end=\"1675\">Des exemples concrets issus du terrain,<\/p>\n<\/li>\n<li data-start=\"1676\" data-end=\"1719\">\n<p data-start=\"1678\" data-end=\"1719\">Des synth\u00e8ses claires en fin de chapitre,<\/p>\n<\/li>\n<li data-start=\"1720\" data-end=\"1772\">\n<p data-start=\"1722\" data-end=\"1772\">Une vision humaine, inclusive et positive du TDAH.<\/p>\n<\/li>\n<\/ul>\n<p data-start=\"1774\" data-end=\"1791\">\ud83d\udcd6 <strong data-start=\"1777\" data-end=\"1791\">Sommaire :<\/strong><\/p>\n<ol data-start=\"1792\" data-end=\"1970\">\n<li data-start=\"1792\" data-end=\"1818\">\n<p data-start=\"1795\" data-end=\"1818\">Qu\u2019est-ce que le TDAH ?<\/p>\n<\/li>\n<li data-start=\"1819\" data-end=\"1861\">\n<p data-start=\"1822\" data-end=\"1861\">Identifier les diff\u00e9rents types de TDAH<\/p>\n<\/li>\n<li data-start=\"1862\" data-end=\"1895\">\n<p data-start=\"1865\" data-end=\"1895\">10 id\u00e9es re\u00e7ues \u00e0 d\u00e9construire<\/p>\n<\/li>\n<li data-start=\"1896\" data-end=\"1927\">\n<p data-start=\"1899\" data-end=\"1927\">Le TDAH au-del\u00e0 de l\u2019enfance<\/p>\n<\/li>\n<li data-start=\"1928\" data-end=\"1970\">\n<p data-start=\"1931\" data-end=\"1970\">Valoriser les forces des personnes TDAH<\/p>\n<\/li>\n<\/ol>\n<hr data-start=\"1972\" data-end=\"1975\" \/>\n<p data-start=\"1977\" data-end=\"2136\"><strong data-start=\"1977\" data-end=\"2009\">Ne restez plus dans le flou.<\/strong> D\u00e9couvrez ce que cache vraiment le TDAH et comment accompagner ceux qui en sont porteurs avec justesse, douceur et efficacit\u00e9.<\/p>\n<hr data-start=\"2138\" data-end=\"2141\" \/>\n<p data-start=\"2143\" data-end=\"2323\">\ud83d\udcce <em data-start=\"2146\" data-end=\"2200\">Format PDF t\u00e9l\u00e9chargeable imm\u00e9diatement apr\u00e8s achat.<\/em><br data-start=\"2200\" data-end=\"2203\" \/>\u270d\ufe0f Auteur : Audrey Delaforge \u2013 Orthop\u00e9dagogue &amp; enseignante sp\u00e9cialis\u00e9e<br data-start=\"2274\" data-end=\"2277\" \/>\ud83d\udcda Tome 1 d\u2019une s\u00e9rie de r\u00e9f\u00e9rence sur le TDAH<\/p>\n","protected":false},"excerpt":{"rendered":"<p>\ud83d\udcd8 Comprendre le TDAH \u2013 Tome 1 : Poser les bases pour mieux accompagner \ud83d\udd0d Vous travaillez avec des enfants ou des adolescents qui peinent \u00e0 se concentrer, bougent sans cesse ou semblent toujours \u00ab dans la lune \u00bb ? Vous \u00eates parent, enseignant, AESH ou professionnel de l\u2019\u00e9ducation ? Ce livre est fait pour&hellip;&nbsp;<a href=\"https:\/\/audreydelaforge.com\/index.php\/produit\/comprendre-le-tdah-tome-1\/\" rel=\"bookmark\">Lire la suite &raquo;<span class=\"screen-reader-text\">Comprendre le TDAH Tome 1<\/span><\/a><\/p>\n","protected":false},"featured_media":1406,"template":"","meta":{"om_disable_all_campaigns":false,"neve_meta_sidebar":"","neve_meta_container":"","neve_meta_enable_content_width":"off","neve_meta_content_width":100,"neve_meta_title_alignment":"","neve_meta_author_avatar":"","neve_post_elements_order":"","neve_meta_disable_header":"","neve_meta_disable_footer":"","neve_meta_disable_title":""},"product_brand":[],"product_cat":[24],"product_tag":[],"class_list":{"0":"post-1405","1":"product","2":"type-product","3":"status-publish","4":"has-post-thumbnail","6":"product_cat-livres","8":"first","9":"instock","10":"downloadable","11":"virtual","12":"purchasable","13":"product-type-simple"},"yoast_head":"<!-- This site is optimized with the Yoast SEO plugin v27.5 - https:\/\/yoast.com\/product\/yoast-seo-wordpress\/ -->\n<title>Comprendre le TDAH Tome 1 ~ Audrey Delaforge, Orthop\u00e9dagogue<\/title>\n<meta name=\"robots\" content=\"index, follow, max-snippet:-1, max-image-preview:large, max-video-preview:-1\" \/>\n<link rel=\"canonical\" href=\"https:\/\/audreydelaforge.com\/index.php\/produit\/comprendre-le-tdah-tome-1\/\" \/>\n<meta property=\"og:locale\" content=\"fr_FR\" \/>\n<meta property=\"og:type\" content=\"article\" \/>\n<meta property=\"og:title\" content=\"Comprendre le TDAH Tome 1 ~ Audrey Delaforge, Orthop\u00e9dagogue\" \/>\n<meta property=\"og:description\" content=\"\ud83d\udcd8 Comprendre le TDAH \u2013 Tome 1 : Poser les bases pour mieux accompagner \ud83d\udd0d Vous travaillez avec des enfants ou des adolescents qui peinent \u00e0 se concentrer, bougent sans cesse ou semblent toujours \u00ab dans la lune \u00bb ? Vous \u00eates parent, enseignant, AESH ou professionnel de l\u2019\u00e9ducation ? Ce livre est fait pour&hellip;&nbsp;Lire la suite &raquo;Comprendre le TDAH Tome 1\" \/>\n<meta property=\"og:url\" content=\"https:\/\/audreydelaforge.com\/index.php\/produit\/comprendre-le-tdah-tome-1\/\" \/>\n<meta property=\"og:site_name\" content=\"Audrey Delaforge, Orthop\u00e9dagogue\" \/>\n<meta property=\"article:publisher\" content=\"https:\/\/www.facebook.com\/audreycateldelaforge\" \/>\n<meta property=\"og:image\" content=\"https:\/\/audreydelaforge.com\/wp-content\/uploads\/2025\/05\/505306e8-ee1d-40d7-a956-e3182289828c.jpeg\" \/>\n\t<meta property=\"og:image:width\" content=\"1283\" \/>\n\t<meta property=\"og:image:height\" content=\"2048\" \/>\n\t<meta property=\"og:image:type\" content=\"image\/jpeg\" \/>\n<meta name=\"twitter:card\" content=\"summary_large_image\" \/>\n<meta name=\"twitter:label1\" content=\"Dur\u00e9e de lecture estim\u00e9e\" \/>\n\t<meta name=\"twitter:data1\" content=\"2 minutes\" \/>\n<script type=\"application\/ld+json\" class=\"yoast-schema-graph\">{\"@context\":\"https:\\\/\\\/schema.org\",\"@graph\":[{\"@type\":\"WebPage\",\"@id\":\"https:\\\/\\\/audreydelaforge.com\\\/index.php\\\/produit\\\/comprendre-le-tdah-tome-1\\\/\",\"url\":\"https:\\\/\\\/audreydelaforge.com\\\/index.php\\\/produit\\\/comprendre-le-tdah-tome-1\\\/\",\"name\":\"Comprendre le TDAH Tome 1 ~ Audrey Delaforge, Orthop\u00e9dagogue\",\"isPartOf\":{\"@id\":\"https:\\\/\\\/audreydelaforge.com\\\/#website\"},\"primaryImageOfPage\":{\"@id\":\"https:\\\/\\\/audreydelaforge.com\\\/index.php\\\/produit\\\/comprendre-le-tdah-tome-1\\\/#primaryimage\"},\"image\":{\"@id\":\"https:\\\/\\\/audreydelaforge.com\\\/index.php\\\/produit\\\/comprendre-le-tdah-tome-1\\\/#primaryimage\"},\"thumbnailUrl\":\"https:\\\/\\\/audreydelaforge.com\\\/wp-content\\\/uploads\\\/2025\\\/05\\\/505306e8-ee1d-40d7-a956-e3182289828c.jpeg\",\"datePublished\":\"2025-05-27T04:37:09+00:00\",\"breadcrumb\":{\"@id\":\"https:\\\/\\\/audreydelaforge.com\\\/index.php\\\/produit\\\/comprendre-le-tdah-tome-1\\\/#breadcrumb\"},\"inLanguage\":\"fr-FR\",\"potentialAction\":[{\"@type\":\"ReadAction\",\"target\":[\"https:\\\/\\\/audreydelaforge.com\\\/index.php\\\/produit\\\/comprendre-le-tdah-tome-1\\\/\"]}]},{\"@type\":\"ImageObject\",\"inLanguage\":\"fr-FR\",\"@id\":\"https:\\\/\\\/audreydelaforge.com\\\/index.php\\\/produit\\\/comprendre-le-tdah-tome-1\\\/#primaryimage\",\"url\":\"https:\\\/\\\/audreydelaforge.com\\\/wp-content\\\/uploads\\\/2025\\\/05\\\/505306e8-ee1d-40d7-a956-e3182289828c.jpeg\",\"contentUrl\":\"https:\\\/\\\/audreydelaforge.com\\\/wp-content\\\/uploads\\\/2025\\\/05\\\/505306e8-ee1d-40d7-a956-e3182289828c.jpeg\",\"width\":1283,\"height\":2048},{\"@type\":\"BreadcrumbList\",\"@id\":\"https:\\\/\\\/audreydelaforge.com\\\/index.php\\\/produit\\\/comprendre-le-tdah-tome-1\\\/#breadcrumb\",\"itemListElement\":[{\"@type\":\"ListItem\",\"position\":1,\"name\":\"Accueil\",\"item\":\"https:\\\/\\\/audreydelaforge.com\\\/\"},{\"@type\":\"ListItem\",\"position\":2,\"name\":\"Boutique\",\"item\":\"https:\\\/\\\/audreydelaforge.com\\\/index.php\\\/boutique\\\/\"},{\"@type\":\"ListItem\",\"position\":3,\"name\":\"Comprendre le TDAH Tome 1\"}]},{\"@type\":\"WebSite\",\"@id\":\"https:\\\/\\\/audreydelaforge.com\\\/#website\",\"url\":\"https:\\\/\\\/audreydelaforge.com\\\/\",\"name\":\"Audrey Delaforge, Orthop\u00e9dagogue\",\"description\":\"L&#039;apprenant au centre du savoir\",\"publisher\":{\"@id\":\"https:\\\/\\\/audreydelaforge.com\\\/#organization\"},\"potentialAction\":[{\"@type\":\"SearchAction\",\"target\":{\"@type\":\"EntryPoint\",\"urlTemplate\":\"https:\\\/\\\/audreydelaforge.com\\\/?s={search_term_string}\"},\"query-input\":{\"@type\":\"PropertyValueSpecification\",\"valueRequired\":true,\"valueName\":\"search_term_string\"}}],\"inLanguage\":\"fr-FR\"},{\"@type\":\"Organization\",\"@id\":\"https:\\\/\\\/audreydelaforge.com\\\/#organization\",\"name\":\"Audrey Delaforge, Orthop\u00e9dagogue\",\"url\":\"https:\\\/\\\/audreydelaforge.com\\\/\",\"logo\":{\"@type\":\"ImageObject\",\"inLanguage\":\"fr-FR\",\"@id\":\"https:\\\/\\\/audreydelaforge.com\\\/#\\\/schema\\\/logo\\\/image\\\/\",\"url\":\"https:\\\/\\\/audreydelaforge.com\\\/wp-content\\\/uploads\\\/2022\\\/06\\\/Logo-orange-noir-avec-Audrey-1.png\",\"contentUrl\":\"https:\\\/\\\/audreydelaforge.com\\\/wp-content\\\/uploads\\\/2022\\\/06\\\/Logo-orange-noir-avec-Audrey-1.png\",\"width\":500,\"height\":500,\"caption\":\"Audrey Delaforge, Orthop\u00e9dagogue\"},\"image\":{\"@id\":\"https:\\\/\\\/audreydelaforge.com\\\/#\\\/schema\\\/logo\\\/image\\\/\"},\"sameAs\":[\"https:\\\/\\\/www.facebook.com\\\/audreycateldelaforge\",\"https:\\\/\\\/www.linkedin.com\\\/in\\\/audrey-catel-delaforge\",\"https:\\\/\\\/www.instagram.com\\\/audrey_delaforge\\\/\"]}]}<\/script>\n<!-- \/ Yoast SEO plugin. -->","yoast_head_json":{"title":"Comprendre le TDAH Tome 1 ~ Audrey Delaforge, Orthop\u00e9dagogue","robots":{"index":"index","follow":"follow","max-snippet":"max-snippet:-1","max-image-preview":"max-image-preview:large","max-video-preview":"max-video-preview:-1"},"canonical":"https:\/\/audreydelaforge.com\/index.php\/produit\/comprendre-le-tdah-tome-1\/","og_locale":"fr_FR","og_type":"article","og_title":"Comprendre le TDAH Tome 1 ~ Audrey Delaforge, Orthop\u00e9dagogue","og_description":"\ud83d\udcd8 Comprendre le TDAH \u2013 Tome 1 : Poser les bases pour mieux accompagner \ud83d\udd0d Vous travaillez avec des enfants ou des adolescents qui peinent \u00e0 se concentrer, bougent sans cesse ou semblent toujours \u00ab dans la lune \u00bb ? Vous \u00eates parent, enseignant, AESH ou professionnel de l\u2019\u00e9ducation ? Ce livre est fait pour&hellip;&nbsp;Lire la suite &raquo;Comprendre le TDAH Tome 1","og_url":"https:\/\/audreydelaforge.com\/index.php\/produit\/comprendre-le-tdah-tome-1\/","og_site_name":"Audrey Delaforge, Orthop\u00e9dagogue","article_publisher":"https:\/\/www.facebook.com\/audreycateldelaforge","og_image":[{"width":1283,"height":2048,"url":"https:\/\/audreydelaforge.com\/wp-content\/uploads\/2025\/05\/505306e8-ee1d-40d7-a956-e3182289828c.jpeg","type":"image\/jpeg"}],"twitter_card":"summary_large_image","twitter_misc":{"Dur\u00e9e de lecture estim\u00e9e":"2 minutes"},"schema":{"@context":"https:\/\/schema.org","@graph":[{"@type":"WebPage","@id":"https:\/\/audreydelaforge.com\/index.php\/produit\/comprendre-le-tdah-tome-1\/","url":"https:\/\/audreydelaforge.com\/index.php\/produit\/comprendre-le-tdah-tome-1\/","name":"Comprendre le TDAH Tome 1 ~ Audrey Delaforge, Orthop\u00e9dagogue","isPartOf":{"@id":"https:\/\/audreydelaforge.com\/#website"},"primaryImageOfPage":{"@id":"https:\/\/audreydelaforge.com\/index.php\/produit\/comprendre-le-tdah-tome-1\/#primaryimage"},"image":{"@id":"https:\/\/audreydelaforge.com\/index.php\/produit\/comprendre-le-tdah-tome-1\/#primaryimage"},"thumbnailUrl":"https:\/\/audreydelaforge.com\/wp-content\/uploads\/2025\/05\/505306e8-ee1d-40d7-a956-e3182289828c.jpeg","datePublished":"2025-05-27T04:37:09+00:00","breadcrumb":{"@id":"https:\/\/audreydelaforge.com\/index.php\/produit\/comprendre-le-tdah-tome-1\/#breadcrumb"},"inLanguage":"fr-FR","potentialAction":[{"@type":"ReadAction","target":["https:\/\/audreydelaforge.com\/index.php\/produit\/comprendre-le-tdah-tome-1\/"]}]},{"@type":"ImageObject","inLanguage":"fr-FR","@id":"https:\/\/audreydelaforge.com\/index.php\/produit\/comprendre-le-tdah-tome-1\/#primaryimage","url":"https:\/\/audreydelaforge.com\/wp-content\/uploads\/2025\/05\/505306e8-ee1d-40d7-a956-e3182289828c.jpeg","contentUrl":"https:\/\/audreydelaforge.com\/wp-content\/uploads\/2025\/05\/505306e8-ee1d-40d7-a956-e3182289828c.jpeg","width":1283,"height":2048},{"@type":"BreadcrumbList","@id":"https:\/\/audreydelaforge.com\/index.php\/produit\/comprendre-le-tdah-tome-1\/#breadcrumb","itemListElement":[{"@type":"ListItem","position":1,"name":"Accueil","item":"https:\/\/audreydelaforge.com\/"},{"@type":"ListItem","position":2,"name":"Boutique","item":"https:\/\/audreydelaforge.com\/index.php\/boutique\/"},{"@type":"ListItem","position":3,"name":"Comprendre le TDAH Tome 1"}]},{"@type":"WebSite","@id":"https:\/\/audreydelaforge.com\/#website","url":"https:\/\/audreydelaforge.com\/","name":"Audrey Delaforge, Orthop\u00e9dagogue","description":"L&#039;apprenant au centre du savoir","publisher":{"@id":"https:\/\/audreydelaforge.com\/#organization"},"potentialAction":[{"@type":"SearchAction","target":{"@type":"EntryPoint","urlTemplate":"https:\/\/audreydelaforge.com\/?s={search_term_string}"},"query-input":{"@type":"PropertyValueSpecification","valueRequired":true,"valueName":"search_term_string"}}],"inLanguage":"fr-FR"},{"@type":"Organization","@id":"https:\/\/audreydelaforge.com\/#organization","name":"Audrey Delaforge, Orthop\u00e9dagogue","url":"https:\/\/audreydelaforge.com\/","logo":{"@type":"ImageObject","inLanguage":"fr-FR","@id":"https:\/\/audreydelaforge.com\/#\/schema\/logo\/image\/","url":"https:\/\/audreydelaforge.com\/wp-content\/uploads\/2022\/06\/Logo-orange-noir-avec-Audrey-1.png","contentUrl":"https:\/\/audreydelaforge.com\/wp-content\/uploads\/2022\/06\/Logo-orange-noir-avec-Audrey-1.png","width":500,"height":500,"caption":"Audrey Delaforge, Orthop\u00e9dagogue"},"image":{"@id":"https:\/\/audreydelaforge.com\/#\/schema\/logo\/image\/"},"sameAs":["https:\/\/www.facebook.com\/audreycateldelaforge","https:\/\/www.linkedin.com\/in\/audrey-catel-delaforge","https:\/\/www.instagram.com\/audrey_delaforge\/"]}]}},"_links":{"self":[{"href":"https:\/\/audreydelaforge.com\/index.php\/wp-json\/wp\/v2\/product\/1405","targetHints":{"allow":["GET"]}}],"collection":[{"href":"https:\/\/audreydelaforge.com\/index.php\/wp-json\/wp\/v2\/product"}],"about":[{"href":"https:\/\/audreydelaforge.com\/index.php\/wp-json\/wp\/v2\/types\/product"}],"wp:featuredmedia":[{"embeddable":true,"href":"https:\/\/audreydelaforge.com\/index.php\/wp-json\/wp\/v2\/media\/1406"}],"wp:attachment":[{"href":"https:\/\/audreydelaforge.com\/index.php\/wp-json\/wp\/v2\/media?parent=1405"}],"wp:term":[{"taxonomy":"product_brand","embeddable":true,"href":"https:\/\/audreydelaforge.com\/index.php\/wp-json\/wp\/v2\/product_brand?post=1405"},{"taxonomy":"product_cat","embeddable":true,"href":"https:\/\/audreydelaforge.com\/index.php\/wp-json\/wp\/v2\/product_cat?post=1405"},{"taxonomy":"product_tag","embeddable":true,"href":"https:\/\/audreydelaforge.com\/index.php\/wp-json\/wp\/v2\/product_tag?post=1405"}],"curies":[{"name":"wp","href":"https:\/\/api.w.org\/{rel}","templated":true}]}}