{"id":1418,"date":"2025-05-27T12:11:16","date_gmt":"2025-05-27T12:11:16","guid":{"rendered":"https:\/\/audreydelaforge.com\/?post_type=product&#038;p=1418"},"modified":"2025-05-28T09:07:58","modified_gmt":"2025-05-28T09:07:58","slug":"accompagnement-parental-tdah","status":"publish","type":"product","link":"https:\/\/audreydelaforge.com\/index.php\/produit\/accompagnement-parental-tdah\/","title":{"rendered":"Accompagnement parental \u2013 TDAH"},"content":{"rendered":"<p>(Re)trouver des rep\u00e8res et avancer en confiance<\/p>\n<p>\u00catre parent d\u2019un enfant avec un TDAH, c\u2019est vivre au quotidien entre d\u00e9bordements d\u2019\u00e9nergie, oublis, conflits, culpabilit\u00e9\u2026 et amour infini.<br \/>\nEt si vous n&rsquo;\u00e9tiez pas seuls pour faire face ?<br \/>\nCet accompagnement est l\u00e0 pour vous soutenir, vous outiller et vous rassurer, en respectant votre r\u00e9alit\u00e9 de terrain.<\/p>\n<p><span class=\"html-span xexx8yu x4uap5 x18d9i69 xkhd6sd x1hl2dhg x16tdsg8 x1vvkbs x3nfvp2 x1j61x8r x1fcty0u xdj266r xat24cr xgzva0m xhhsvwb xxymvpz xlup9mm x1kky2od\"><img loading=\"lazy\" decoding=\"async\" class=\"xz74otr x168nmei x13lgxp2 x5pf9jr xo71vjh\" src=\"https:\/\/static.xx.fbcdn.net\/images\/emoji.php\/v9\/t4f\/2\/16\/1f9ed.png\" alt=\"\ud83e\udded\" width=\"16\" height=\"16\" \/><\/span> Ce que contient cet accompagnement :<br \/>\nUn entretien approfondi pour faire le point sur les besoins de votre enfant\u2026 et les v\u00f4tres.<br \/>\nUne analyse de votre posture parentale et de votre environnement familial.<br \/>\nUn retour \u00e9crit personnalis\u00e9 avec des pistes concr\u00e8tes \u00e0 mettre en place \u00e0 la maison (organisation, routines, gestion des \u00e9motions, communication bienveillante\u2026).<br \/>\nUne s\u00e9ance d\u2019\u00e9change pour r\u00e9pondre \u00e0 vos questions, lever les doutes, et repartir avec une feuille de route r\u00e9aliste.<br \/>\nUn lien possible avec les suivis orthop\u00e9dagogiques si vous souhaitez poursuivre l\u2019accompagnement en parall\u00e8le pour votre enfant.<\/p>\n<p><span class=\"html-span xexx8yu x4uap5 x18d9i69 xkhd6sd x1hl2dhg x16tdsg8 x1vvkbs x3nfvp2 x1j61x8r x1fcty0u xdj266r xat24cr xgzva0m xhhsvwb xxymvpz xlup9mm x1kky2od\"><img loading=\"lazy\" decoding=\"async\" class=\"xz74otr x168nmei x13lgxp2 x5pf9jr xo71vjh\" src=\"https:\/\/static.xx.fbcdn.net\/images\/emoji.php\/v9\/td\/2\/16\/1f4ac.png\" alt=\"\ud83d\udcac\" width=\"16\" height=\"16\" \/><\/span> Pour les parents d\u2019enfants avec ou sans diagnostic de TDAH, souhaitant comprendre et mieux accompagner leur enfant sans s\u2019oublier.<\/p>\n<p><span class=\"html-span xexx8yu x4uap5 x18d9i69 xkhd6sd x1hl2dhg x16tdsg8 x1vvkbs x3nfvp2 x1j61x8r x1fcty0u xdj266r xat24cr xgzva0m xhhsvwb xxymvpz xlup9mm x1kky2od\"><img loading=\"lazy\" decoding=\"async\" class=\"xz74otr x168nmei x13lgxp2 x5pf9jr xo71vjh\" src=\"https:\/\/static.xx.fbcdn.net\/images\/emoji.php\/v9\/tbd\/2\/16\/1f33f.png\" alt=\"\ud83c\udf3f\" width=\"16\" height=\"16\" \/><\/span> Un espace sans jugement, pour poser vos valises, prendre du recul, et repartir plus sereins.<\/p>\n","protected":false},"excerpt":{"rendered":"<p>(Re)trouver des rep\u00e8res et avancer en confiance \u00catre parent d\u2019un enfant avec un TDAH, c\u2019est vivre au quotidien entre d\u00e9bordements d\u2019\u00e9nergie, oublis, conflits, culpabilit\u00e9\u2026 et amour infini. Et si vous n&rsquo;\u00e9tiez pas seuls pour faire face ? Cet accompagnement est l\u00e0 pour vous soutenir, vous outiller et vous rassurer, en respectant votre r\u00e9alit\u00e9 de terrain.&hellip;&nbsp;<a href=\"https:\/\/audreydelaforge.com\/index.php\/produit\/accompagnement-parental-tdah\/\" rel=\"bookmark\">Lire la suite &raquo;<span class=\"screen-reader-text\">Accompagnement parental \u2013 TDAH<\/span><\/a><\/p>\n","protected":false},"featured_media":1433,"template":"","meta":{"om_disable_all_campaigns":false,"neve_meta_sidebar":"","neve_meta_container":"","neve_meta_enable_content_width":"off","neve_meta_content_width":100,"neve_meta_title_alignment":"","neve_meta_author_avatar":"","neve_post_elements_order":"","neve_meta_disable_header":"","neve_meta_disable_footer":"","neve_meta_disable_title":""},"product_brand":[],"product_cat":[39],"product_tag":[],"class_list":{"0":"post-1418","1":"product","2":"type-product","3":"status-publish","4":"has-post-thumbnail","6":"product_cat-accompagnement","8":"first","9":"instock","10":"virtual","11":"purchasable","12":"product-type-simple"},"yoast_head":"<!-- This site is optimized with the Yoast SEO plugin v27.5 - https:\/\/yoast.com\/product\/yoast-seo-wordpress\/ -->\n<title>Accompagnement parental \u2013 TDAH ~ Audrey Delaforge, Orthop\u00e9dagogue<\/title>\n<meta name=\"robots\" content=\"index, follow, max-snippet:-1, max-image-preview:large, max-video-preview:-1\" \/>\n<link rel=\"canonical\" href=\"https:\/\/audreydelaforge.com\/index.php\/produit\/accompagnement-parental-tdah\/\" \/>\n<meta property=\"og:locale\" content=\"fr_FR\" \/>\n<meta property=\"og:type\" content=\"article\" \/>\n<meta property=\"og:title\" content=\"Accompagnement parental \u2013 TDAH ~ Audrey Delaforge, Orthop\u00e9dagogue\" \/>\n<meta property=\"og:description\" content=\"(Re)trouver des rep\u00e8res et avancer en confiance \u00catre parent d\u2019un enfant avec un TDAH, c\u2019est vivre au quotidien entre d\u00e9bordements d\u2019\u00e9nergie, oublis, conflits, culpabilit\u00e9\u2026 et amour infini. Et si vous n&rsquo;\u00e9tiez pas seuls pour faire face ? Cet accompagnement est l\u00e0 pour vous soutenir, vous outiller et vous rassurer, en respectant votre r\u00e9alit\u00e9 de terrain.&hellip;&nbsp;Lire la suite &raquo;Accompagnement parental \u2013 TDAH\" \/>\n<meta property=\"og:url\" content=\"https:\/\/audreydelaforge.com\/index.php\/produit\/accompagnement-parental-tdah\/\" \/>\n<meta property=\"og:site_name\" content=\"Audrey Delaforge, Orthop\u00e9dagogue\" \/>\n<meta property=\"article:publisher\" content=\"https:\/\/www.facebook.com\/audreycateldelaforge\" \/>\n<meta property=\"article:modified_time\" content=\"2025-05-28T09:07:58+00:00\" \/>\n<meta property=\"og:image\" content=\"https:\/\/audreydelaforge.com\/wp-content\/uploads\/2025\/05\/2f86fbee-9ab9-4890-bf4b-c3474acf73b2.jpeg\" \/>\n\t<meta property=\"og:image:width\" content=\"1536\" \/>\n\t<meta property=\"og:image:height\" content=\"1024\" \/>\n\t<meta property=\"og:image:type\" content=\"image\/jpeg\" \/>\n<meta name=\"twitter:card\" content=\"summary_large_image\" \/>\n<meta name=\"twitter:label1\" content=\"Dur\u00e9e de lecture estim\u00e9e\" \/>\n\t<meta name=\"twitter:data1\" content=\"1 minute\" \/>\n<script type=\"application\/ld+json\" class=\"yoast-schema-graph\">{\"@context\":\"https:\\\/\\\/schema.org\",\"@graph\":[{\"@type\":\"WebPage\",\"@id\":\"https:\\\/\\\/audreydelaforge.com\\\/index.php\\\/produit\\\/accompagnement-parental-tdah\\\/\",\"url\":\"https:\\\/\\\/audreydelaforge.com\\\/index.php\\\/produit\\\/accompagnement-parental-tdah\\\/\",\"name\":\"Accompagnement parental \u2013 TDAH ~ Audrey Delaforge, Orthop\u00e9dagogue\",\"isPartOf\":{\"@id\":\"https:\\\/\\\/audreydelaforge.com\\\/#website\"},\"primaryImageOfPage\":{\"@id\":\"https:\\\/\\\/audreydelaforge.com\\\/index.php\\\/produit\\\/accompagnement-parental-tdah\\\/#primaryimage\"},\"image\":{\"@id\":\"https:\\\/\\\/audreydelaforge.com\\\/index.php\\\/produit\\\/accompagnement-parental-tdah\\\/#primaryimage\"},\"thumbnailUrl\":\"https:\\\/\\\/audreydelaforge.com\\\/wp-content\\\/uploads\\\/2025\\\/05\\\/2f86fbee-9ab9-4890-bf4b-c3474acf73b2.jpeg\",\"datePublished\":\"2025-05-27T12:11:16+00:00\",\"dateModified\":\"2025-05-28T09:07:58+00:00\",\"breadcrumb\":{\"@id\":\"https:\\\/\\\/audreydelaforge.com\\\/index.php\\\/produit\\\/accompagnement-parental-tdah\\\/#breadcrumb\"},\"inLanguage\":\"fr-FR\",\"potentialAction\":[{\"@type\":\"ReadAction\",\"target\":[\"https:\\\/\\\/audreydelaforge.com\\\/index.php\\\/produit\\\/accompagnement-parental-tdah\\\/\"]}]},{\"@type\":\"ImageObject\",\"inLanguage\":\"fr-FR\",\"@id\":\"https:\\\/\\\/audreydelaforge.com\\\/index.php\\\/produit\\\/accompagnement-parental-tdah\\\/#primaryimage\",\"url\":\"https:\\\/\\\/audreydelaforge.com\\\/wp-content\\\/uploads\\\/2025\\\/05\\\/2f86fbee-9ab9-4890-bf4b-c3474acf73b2.jpeg\",\"contentUrl\":\"https:\\\/\\\/audreydelaforge.com\\\/wp-content\\\/uploads\\\/2025\\\/05\\\/2f86fbee-9ab9-4890-bf4b-c3474acf73b2.jpeg\",\"width\":1536,\"height\":1024},{\"@type\":\"BreadcrumbList\",\"@id\":\"https:\\\/\\\/audreydelaforge.com\\\/index.php\\\/produit\\\/accompagnement-parental-tdah\\\/#breadcrumb\",\"itemListElement\":[{\"@type\":\"ListItem\",\"position\":1,\"name\":\"Accueil\",\"item\":\"https:\\\/\\\/audreydelaforge.com\\\/\"},{\"@type\":\"ListItem\",\"position\":2,\"name\":\"Boutique\",\"item\":\"https:\\\/\\\/audreydelaforge.com\\\/index.php\\\/boutique\\\/\"},{\"@type\":\"ListItem\",\"position\":3,\"name\":\"Accompagnement parental \u2013 TDAH\"}]},{\"@type\":\"WebSite\",\"@id\":\"https:\\\/\\\/audreydelaforge.com\\\/#website\",\"url\":\"https:\\\/\\\/audreydelaforge.com\\\/\",\"name\":\"Audrey Delaforge, Orthop\u00e9dagogue\",\"description\":\"L&#039;apprenant au centre du savoir\",\"publisher\":{\"@id\":\"https:\\\/\\\/audreydelaforge.com\\\/#organization\"},\"potentialAction\":[{\"@type\":\"SearchAction\",\"target\":{\"@type\":\"EntryPoint\",\"urlTemplate\":\"https:\\\/\\\/audreydelaforge.com\\\/?s={search_term_string}\"},\"query-input\":{\"@type\":\"PropertyValueSpecification\",\"valueRequired\":true,\"valueName\":\"search_term_string\"}}],\"inLanguage\":\"fr-FR\"},{\"@type\":\"Organization\",\"@id\":\"https:\\\/\\\/audreydelaforge.com\\\/#organization\",\"name\":\"Audrey Delaforge, Orthop\u00e9dagogue\",\"url\":\"https:\\\/\\\/audreydelaforge.com\\\/\",\"logo\":{\"@type\":\"ImageObject\",\"inLanguage\":\"fr-FR\",\"@id\":\"https:\\\/\\\/audreydelaforge.com\\\/#\\\/schema\\\/logo\\\/image\\\/\",\"url\":\"https:\\\/\\\/audreydelaforge.com\\\/wp-content\\\/uploads\\\/2022\\\/06\\\/Logo-orange-noir-avec-Audrey-1.png\",\"contentUrl\":\"https:\\\/\\\/audreydelaforge.com\\\/wp-content\\\/uploads\\\/2022\\\/06\\\/Logo-orange-noir-avec-Audrey-1.png\",\"width\":500,\"height\":500,\"caption\":\"Audrey Delaforge, Orthop\u00e9dagogue\"},\"image\":{\"@id\":\"https:\\\/\\\/audreydelaforge.com\\\/#\\\/schema\\\/logo\\\/image\\\/\"},\"sameAs\":[\"https:\\\/\\\/www.facebook.com\\\/audreycateldelaforge\",\"https:\\\/\\\/www.linkedin.com\\\/in\\\/audrey-catel-delaforge\",\"https:\\\/\\\/www.instagram.com\\\/audrey_delaforge\\\/\"]}]}<\/script>\n<!-- \/ Yoast SEO plugin. -->","yoast_head_json":{"title":"Accompagnement parental \u2013 TDAH ~ Audrey Delaforge, Orthop\u00e9dagogue","robots":{"index":"index","follow":"follow","max-snippet":"max-snippet:-1","max-image-preview":"max-image-preview:large","max-video-preview":"max-video-preview:-1"},"canonical":"https:\/\/audreydelaforge.com\/index.php\/produit\/accompagnement-parental-tdah\/","og_locale":"fr_FR","og_type":"article","og_title":"Accompagnement parental \u2013 TDAH ~ Audrey Delaforge, Orthop\u00e9dagogue","og_description":"(Re)trouver des rep\u00e8res et avancer en confiance \u00catre parent d\u2019un enfant avec un TDAH, c\u2019est vivre au quotidien entre d\u00e9bordements d\u2019\u00e9nergie, oublis, conflits, culpabilit\u00e9\u2026 et amour infini. Et si vous n&rsquo;\u00e9tiez pas seuls pour faire face ? Cet accompagnement est l\u00e0 pour vous soutenir, vous outiller et vous rassurer, en respectant votre r\u00e9alit\u00e9 de terrain.&hellip;&nbsp;Lire la suite &raquo;Accompagnement parental \u2013 TDAH","og_url":"https:\/\/audreydelaforge.com\/index.php\/produit\/accompagnement-parental-tdah\/","og_site_name":"Audrey Delaforge, Orthop\u00e9dagogue","article_publisher":"https:\/\/www.facebook.com\/audreycateldelaforge","article_modified_time":"2025-05-28T09:07:58+00:00","og_image":[{"width":1536,"height":1024,"url":"https:\/\/audreydelaforge.com\/wp-content\/uploads\/2025\/05\/2f86fbee-9ab9-4890-bf4b-c3474acf73b2.jpeg","type":"image\/jpeg"}],"twitter_card":"summary_large_image","twitter_misc":{"Dur\u00e9e de lecture estim\u00e9e":"1 minute"},"schema":{"@context":"https:\/\/schema.org","@graph":[{"@type":"WebPage","@id":"https:\/\/audreydelaforge.com\/index.php\/produit\/accompagnement-parental-tdah\/","url":"https:\/\/audreydelaforge.com\/index.php\/produit\/accompagnement-parental-tdah\/","name":"Accompagnement parental \u2013 TDAH ~ Audrey Delaforge, Orthop\u00e9dagogue","isPartOf":{"@id":"https:\/\/audreydelaforge.com\/#website"},"primaryImageOfPage":{"@id":"https:\/\/audreydelaforge.com\/index.php\/produit\/accompagnement-parental-tdah\/#primaryimage"},"image":{"@id":"https:\/\/audreydelaforge.com\/index.php\/produit\/accompagnement-parental-tdah\/#primaryimage"},"thumbnailUrl":"https:\/\/audreydelaforge.com\/wp-content\/uploads\/2025\/05\/2f86fbee-9ab9-4890-bf4b-c3474acf73b2.jpeg","datePublished":"2025-05-27T12:11:16+00:00","dateModified":"2025-05-28T09:07:58+00:00","breadcrumb":{"@id":"https:\/\/audreydelaforge.com\/index.php\/produit\/accompagnement-parental-tdah\/#breadcrumb"},"inLanguage":"fr-FR","potentialAction":[{"@type":"ReadAction","target":["https:\/\/audreydelaforge.com\/index.php\/produit\/accompagnement-parental-tdah\/"]}]},{"@type":"ImageObject","inLanguage":"fr-FR","@id":"https:\/\/audreydelaforge.com\/index.php\/produit\/accompagnement-parental-tdah\/#primaryimage","url":"https:\/\/audreydelaforge.com\/wp-content\/uploads\/2025\/05\/2f86fbee-9ab9-4890-bf4b-c3474acf73b2.jpeg","contentUrl":"https:\/\/audreydelaforge.com\/wp-content\/uploads\/2025\/05\/2f86fbee-9ab9-4890-bf4b-c3474acf73b2.jpeg","width":1536,"height":1024},{"@type":"BreadcrumbList","@id":"https:\/\/audreydelaforge.com\/index.php\/produit\/accompagnement-parental-tdah\/#breadcrumb","itemListElement":[{"@type":"ListItem","position":1,"name":"Accueil","item":"https:\/\/audreydelaforge.com\/"},{"@type":"ListItem","position":2,"name":"Boutique","item":"https:\/\/audreydelaforge.com\/index.php\/boutique\/"},{"@type":"ListItem","position":3,"name":"Accompagnement parental \u2013 TDAH"}]},{"@type":"WebSite","@id":"https:\/\/audreydelaforge.com\/#website","url":"https:\/\/audreydelaforge.com\/","name":"Audrey Delaforge, Orthop\u00e9dagogue","description":"L&#039;apprenant au centre du savoir","publisher":{"@id":"https:\/\/audreydelaforge.com\/#organization"},"potentialAction":[{"@type":"SearchAction","target":{"@type":"EntryPoint","urlTemplate":"https:\/\/audreydelaforge.com\/?s={search_term_string}"},"query-input":{"@type":"PropertyValueSpecification","valueRequired":true,"valueName":"search_term_string"}}],"inLanguage":"fr-FR"},{"@type":"Organization","@id":"https:\/\/audreydelaforge.com\/#organization","name":"Audrey Delaforge, Orthop\u00e9dagogue","url":"https:\/\/audreydelaforge.com\/","logo":{"@type":"ImageObject","inLanguage":"fr-FR","@id":"https:\/\/audreydelaforge.com\/#\/schema\/logo\/image\/","url":"https:\/\/audreydelaforge.com\/wp-content\/uploads\/2022\/06\/Logo-orange-noir-avec-Audrey-1.png","contentUrl":"https:\/\/audreydelaforge.com\/wp-content\/uploads\/2022\/06\/Logo-orange-noir-avec-Audrey-1.png","width":500,"height":500,"caption":"Audrey Delaforge, Orthop\u00e9dagogue"},"image":{"@id":"https:\/\/audreydelaforge.com\/#\/schema\/logo\/image\/"},"sameAs":["https:\/\/www.facebook.com\/audreycateldelaforge","https:\/\/www.linkedin.com\/in\/audrey-catel-delaforge","https:\/\/www.instagram.com\/audrey_delaforge\/"]}]}},"_links":{"self":[{"href":"https:\/\/audreydelaforge.com\/index.php\/wp-json\/wp\/v2\/product\/1418","targetHints":{"allow":["GET"]}}],"collection":[{"href":"https:\/\/audreydelaforge.com\/index.php\/wp-json\/wp\/v2\/product"}],"about":[{"href":"https:\/\/audreydelaforge.com\/index.php\/wp-json\/wp\/v2\/types\/product"}],"wp:featuredmedia":[{"embeddable":true,"href":"https:\/\/audreydelaforge.com\/index.php\/wp-json\/wp\/v2\/media\/1433"}],"wp:attachment":[{"href":"https:\/\/audreydelaforge.com\/index.php\/wp-json\/wp\/v2\/media?parent=1418"}],"wp:term":[{"taxonomy":"product_brand","embeddable":true,"href":"https:\/\/audreydelaforge.com\/index.php\/wp-json\/wp\/v2\/product_brand?post=1418"},{"taxonomy":"product_cat","embeddable":true,"href":"https:\/\/audreydelaforge.com\/index.php\/wp-json\/wp\/v2\/product_cat?post=1418"},{"taxonomy":"product_tag","embeddable":true,"href":"https:\/\/audreydelaforge.com\/index.php\/wp-json\/wp\/v2\/product_tag?post=1418"}],"curies":[{"name":"wp","href":"https:\/\/api.w.org\/{rel}","templated":true}]}}